{"id":15191,"date":"2021-11-25T15:00:13","date_gmt":"2021-11-25T15:00:13","guid":{"rendered":"https:\/\/aeazores.org\/produto\/viola-da-terra-cronicas-2\/"},"modified":"2022-02-21T12:55:26","modified_gmt":"2022-02-21T12:55:26","slug":"viola-da-terra-cronicas","status":"publish","type":"product","link":"https:\/\/aeazores.org\/en\/produto\/viola-da-terra-cronicas\/","title":{"rendered":"Viola da Terra, Cr\u00f3nicas"},"content":{"rendered":"<p>\u201cNo ano de 2018, ao longo de v\u00e1rias semanas, o Jornal \u201cAtl\u00e2ntico Expresso\u201d, da Ilha de S\u00e3o Miguel, publicou uma s\u00e9rie de cr\u00f3nicas que escrevi sobre a Viola da Terra.<br \/>\nHist\u00f3rias, caracter\u00edsticas, contextos, intervenientes, afina\u00e7\u00f5es, t\u00e9cnicas, simbologia, eventos, diferen\u00e7as, semelhan\u00e7as\u2026 s\u00e3o tudo informa\u00e7\u00f5es que importa dar a conhecer, divulgar e debater.<br \/>\nVeio depois o sonho de reunir estes artigos em livro. Algumas cr\u00f3nicas fundiram-se por abordarem tem\u00e1ticas comuns, outras foram revistas para transmitir uma realidade mais atual.<br \/>\nEspero que estas cr\u00f3nicas possam ajudar a que se conhe\u00e7a, respeite e compreenda um pouco melhor a nossa Viola e o seu importante papel na nossa Cultura A\u00e7oriana.\u201d<\/p>\n<p>Rafael Carvalho<\/p>\n<p>ING<\/p>\n<p>&#8220;In the year 2018, over several weeks, the newspaper &#8220;Atl\u00e2ntico Expresso&#8221;, from S\u00e3o Miguel Island, published a series of chronicles I wrote about the Viola da Terra.<br \/>\nHistories, characteristics, contexts, players, tunings, techniques, symbology, events, differences, similarities&#8230; this is all information that is important to make known, disseminate and discuss.<br \/>\nThen came the dream of gathering these articles into a book. Some chronicles were merged because they address common themes, others were revised to transmit a more current reality.<br \/>\nI hope that these chronicles can help to know, respect and understand a little better our Guitar and its important role in our Azorean Culture&#8221;.<\/p>\n<p>Rafael Carvalho<\/p>\n","protected":false},"excerpt":{"rendered":"<p>\u201cNo ano de 2018, ao longo de v\u00e1rias semanas, o Jornal \u201cAtl\u00e2ntico Expresso\u201d, da Ilha de S\u00e3o Miguel, publicou uma s\u00e9rie de cr\u00f3nicas que escrevi sobre a Viola da Terra.<br \/>\nHist\u00f3rias, caracter\u00edsticas, contextos, intervenientes, afina\u00e7\u00f5es, t\u00e9cnicas, simbologia, eventos, diferen\u00e7as, semelhan\u00e7as\u2026 s\u00e3o tudo informa\u00e7\u00f5es que importa dar a conhecer, divulgar e debater.<br \/>\nVeio depois o sonho de reunir estes artigos em livro. Algumas cr\u00f3nicas fundiram-se por abordarem tem\u00e1ticas comuns, outras foram revistas para transmitir uma realidade mais atual.<br \/>\nEspero que estas cr\u00f3nicas possam ajudar a que se conhe\u00e7a, respeite e compreenda um pouco melhor a nossa Viola e o seu importante papel na nossa Cultura A\u00e7oriana.\u201d<\/p>\n<p>Rafael Carvalho<\/p>\n<p>ING<\/p>\n<p>&#8220;In the year 2018, over several weeks, the newspaper &#8220;Atl\u00e2ntico Expresso&#8221;, from S\u00e3o Miguel Island, published a series of chronicles I wrote about the Viola da Terra.<br \/>\nHistories, characteristics, contexts, players, tunings, techniques, symbology, events, differences, similarities&#8230; this is all information that is important to make known, disseminate and discuss.<br \/>\nThen came the dream of gathering these articles into a book. Some chronicles were merged because they address common themes, others were revised to transmit a more current reality.<br \/>\nI hope that these chronicles can help to know, respect and understand a little better our Guitar and its important role in our Azorean Culture&#8221;.<\/p>\n<p>Rafael Carvalho<\/p>\n","protected":false},"featured_media":15198,"template":"","meta":[],"class_list":["post-15191","product","type-product","status-publish","has-post-thumbnail","hentry","product_cat-livros-en","product_shipping_class-livros-en"],"_links":{"self":[{"href":"https:\/\/aeazores.org\/en\/wp-json\/wp\/v2\/product\/15191","targetHints":{"allow":["GET"]}}],"collection":[{"href":"https:\/\/aeazores.org\/en\/wp-json\/wp\/v2\/product"}],"about":[{"href":"https:\/\/aeazores.org\/en\/wp-json\/wp\/v2\/types\/product"}],"version-history":[{"count":4,"href":"https:\/\/aeazores.org\/en\/wp-json\/wp\/v2\/product\/15191\/revisions"}],"predecessor-version":[{"id":19185,"href":"https:\/\/aeazores.org\/en\/wp-json\/wp\/v2\/product\/15191\/revisions\/19185"}],"wp:featuredmedia":[{"embeddable":true,"href":"https:\/\/aeazores.org\/en\/wp-json\/wp\/v2\/media\/15198"}],"wp:attachment":[{"href":"https:\/\/aeazores.org\/en\/wp-json\/wp\/v2\/media?parent=15191"}],"curies":[{"name":"wp","href":"https:\/\/api.w.org\/{rel}","templated":true}]}}