{"id":15029,"date":"2021-11-22T15:00:33","date_gmt":"2021-11-22T15:00:33","guid":{"rendered":"https:\/\/aeazores.org\/produto\/acores-eua-de-colobo-a-i-guerra-mundial\/"},"modified":"2021-12-21T15:30:28","modified_gmt":"2021-12-21T15:30:28","slug":"acores-eua-de-colobo-a-i-guerra-mundial","status":"publish","type":"product","link":"https:\/\/aeazores.org\/en\/produto\/acores-eua-de-colobo-a-i-guerra-mundial\/","title":{"rendered":"A\u00c7ORES- EUA: DE COLOMBO \u00c0 I GUERRA MUNDIAL"},"content":{"rendered":"<p>O livro A\u00c7ORES-EUA &#8211; DE COLOMBO \u00c0 I GUERRA MUNDIAL, um contributo historiogr\u00e1fico, \u00e9 uma edi\u00e7\u00e3o da AEAzores com a autoria de Eduardo Medeiros. O livro retrata v\u00e1rias s\u00e9culos da liga\u00e7\u00e3o entre os A\u00e7ores e os EUA. Este \u00e9 o primeiro volume e retrata um espa\u00e7o temporal entre os anos de Colombo e o final da I Guerra Mundial. Um excelente livro para iniciar conhecimentos sobre esta hist\u00f3rica liga\u00e7\u00e3o entre os A\u00e7ores e os EUA.<\/p>\n<p>ING<\/p>\n<p>The book AZORES-USA &#8211; FROM COLOMBO TO WORLD WAR I, a historiographical contribution, is published by AEAzores and written by Eduardo Medeiros. The book portrays several centuries of ties between the Azores and the US. This is the first volume and portrays a time span between the years of Columbus and the end of World War I. An excellent book to start learning about this historic connection between the Azores and the USA.<\/p>\n","protected":false},"excerpt":{"rendered":"<p>O livro A\u00c7ORES-EUA &#8211; DE COLOMBO \u00c0 I GUERRA MUNDIAL, um contributo historiogr\u00e1fico, \u00e9 uma edi\u00e7\u00e3o da AEAzores com a autoria de Eduardo Medeiros. O livro retrata v\u00e1rias s\u00e9culos da liga\u00e7\u00e3o entre os A\u00e7ores e os EUA. Este \u00e9 o primeiro volume e retrata um espa\u00e7o temporal entre os anos de Colombo e o final da I Guerra Mundial. Um excelente livro para iniciar conhecimentos sobre esta hist\u00f3rica liga\u00e7\u00e3o entre os A\u00e7ores e os EUA.<\/p>\n<p>ING<\/p>\n<p>The book AZORES-USA &#8211; FROM COLOMBO TO WORLD WAR I, a historiographical contribution, is published by AEAzores and written by Eduardo Medeiros. The book portrays several centuries of ties between the Azores and the US. This is the first volume and portrays a time span between the years of Columbus and the end of World War I. An excellent book to start learning about this historic connection between the Azores and the USA.<\/p>\n","protected":false},"featured_media":15034,"template":"","meta":[],"class_list":["post-15029","product","type-product","status-publish","has-post-thumbnail","hentry","product_cat-livros-en","product_shipping_class-livros-en"],"_links":{"self":[{"href":"https:\/\/aeazores.org\/en\/wp-json\/wp\/v2\/product\/15029","targetHints":{"allow":["GET"]}}],"collection":[{"href":"https:\/\/aeazores.org\/en\/wp-json\/wp\/v2\/product"}],"about":[{"href":"https:\/\/aeazores.org\/en\/wp-json\/wp\/v2\/types\/product"}],"version-history":[{"count":8,"href":"https:\/\/aeazores.org\/en\/wp-json\/wp\/v2\/product\/15029\/revisions"}],"predecessor-version":[{"id":15182,"href":"https:\/\/aeazores.org\/en\/wp-json\/wp\/v2\/product\/15029\/revisions\/15182"}],"wp:featuredmedia":[{"embeddable":true,"href":"https:\/\/aeazores.org\/en\/wp-json\/wp\/v2\/media\/15034"}],"wp:attachment":[{"href":"https:\/\/aeazores.org\/en\/wp-json\/wp\/v2\/media?parent=15029"}],"curies":[{"name":"wp","href":"https:\/\/api.w.org\/{rel}","templated":true}]}}