{"id":11782,"date":"2021-08-23T14:30:18","date_gmt":"2021-08-23T14:30:18","guid":{"rendered":"https:\/\/aeazores.org\/produto\/perguntas-respostas-sobre-a-historia-dos-acores\/"},"modified":"2021-12-21T15:30:28","modified_gmt":"2021-12-21T15:30:28","slug":"perguntas-respostas-sobre-a-historia-dos-acores","status":"publish","type":"product","link":"https:\/\/aeazores.org\/en\/produto\/perguntas-respostas-sobre-a-historia-dos-acores\/","title":{"rendered":"&#034;Perguntas &amp; Respostas Sobre a Hist\u00f3ria dos A\u00e7ores&#034;, de Lu\u00eds Mendon\u00e7a"},"content":{"rendered":"<p>\u201cPerguntas &amp; Respostas Sobre a Hist\u00f3ria dos A\u00e7ores permite que em 70 perguntas, o autor esclare\u00e7a parcelas importantes da mem\u00f3ria coletiva dos A\u00e7ores, que fazem parte de uma Hist\u00f3ria com mais de 500 anos.<br \/>\nTrata-se de uma forma diferente de interpelar o passado, que permite despertar a curiosidade pela Hist\u00f3ria dos A\u00e7ores e fornecer, atrav\u00e9s de uma escrita flu\u00edda, respostas concisas e objetivas \u00e0s diversas quest\u00f5es colocadas. Paralelamente, a obra procura contemplar as diferentes \u00e9pocas e tem\u00e1ticas da realidade hist\u00f3rica insular, em estrita rela\u00e7\u00e3o com a Hist\u00f3ria nacional.<\/p>\n<p>ING<\/p>\n<p>&#034;Questions &amp; Answers about the History of the Azores&#034; allows the author to clarify in 70 questions important parts of the collective memory of the Azores, which are part of a history that dates back more than 500 years.<br \/>\nThis is a different way of questioning the past, which arouses curiosity about the history of the Azores and provides concise, objective answers to the various questions asked. At the same time, the work seeks to contemplate the different eras and themes of the island&#039;s historical reality, in strict relationship with national history.<\/p>\n","protected":false},"excerpt":{"rendered":"<p>\u201cPerguntas &amp; Respostas Sobre a Hist\u00f3ria dos A\u00e7ores permite que em 70 perguntas, o autor esclare\u00e7a parcelas importantes da mem\u00f3ria coletiva dos A\u00e7ores, que fazem parte de uma Hist\u00f3ria com mais de 500 anos.<br \/>\nTrata-se de uma forma diferente de interpelar o passado, que permite despertar a curiosidade pela Hist\u00f3ria dos A\u00e7ores e fornecer, atrav\u00e9s de uma escrita flu\u00edda, respostas concisas e objetivas \u00e0s diversas quest\u00f5es colocadas. Paralelamente, a obra procura contemplar as diferentes \u00e9pocas e tem\u00e1ticas da realidade hist\u00f3rica insular, em estrita rela\u00e7\u00e3o com a Hist\u00f3ria nacional.<\/p>\n<p>ING<\/p>\n<p>&#034;Questions &amp; Answers about the History of the Azores&#034; allows the author to clarify in 70 questions important parts of the collective memory of the Azores, which are part of a history that dates back more than 500 years.<br \/>\nThis is a different way of questioning the past, which arouses curiosity about the history of the Azores and provides concise, objective answers to the various questions asked. At the same time, the work seeks to contemplate the different eras and themes of the island&#039;s historical reality, in strict relationship with national history.<\/p>\n","protected":false},"featured_media":11871,"template":"","meta":[],"class_list":["post-11782","product","type-product","status-publish","has-post-thumbnail","hentry","product_cat-livros-en","product_shipping_class-livros-en"],"_links":{"self":[{"href":"https:\/\/aeazores.org\/en\/wp-json\/wp\/v2\/product\/11782","targetHints":{"allow":["GET"]}}],"collection":[{"href":"https:\/\/aeazores.org\/en\/wp-json\/wp\/v2\/product"}],"about":[{"href":"https:\/\/aeazores.org\/en\/wp-json\/wp\/v2\/types\/product"}],"version-history":[{"count":10,"href":"https:\/\/aeazores.org\/en\/wp-json\/wp\/v2\/product\/11782\/revisions"}],"predecessor-version":[{"id":15162,"href":"https:\/\/aeazores.org\/en\/wp-json\/wp\/v2\/product\/11782\/revisions\/15162"}],"wp:featuredmedia":[{"embeddable":true,"href":"https:\/\/aeazores.org\/en\/wp-json\/wp\/v2\/media\/11871"}],"wp:attachment":[{"href":"https:\/\/aeazores.org\/en\/wp-json\/wp\/v2\/media?parent=11782"}],"curies":[{"name":"wp","href":"https:\/\/api.w.org\/{rel}","templated":true}]}}