{"id":11780,"date":"2021-08-23T14:30:16","date_gmt":"2021-08-23T14:30:16","guid":{"rendered":"https:\/\/aeazores.org\/produto\/as-ilhas-desconhecidas-notas-e-paisagens\/"},"modified":"2021-12-21T15:30:22","modified_gmt":"2021-12-21T15:30:22","slug":"as-ilhas-desconhecidas-notas-e-paisagens","status":"publish","type":"product","link":"https:\/\/aeazores.org\/en\/produto\/as-ilhas-desconhecidas-notas-e-paisagens\/","title":{"rendered":"&#034;As Ilhas Desconhecidas \u2013 Notas e Paisagens&#034;, de Raul Brand\u00e3o"},"content":{"rendered":"<p>\u201cAs Ilhas Desconhecidas \u2013 Notas e Paisagens, [s\u00e3o] sem sombra de d\u00favida uma das obras-primas da literatura de viagens em l\u00edngua portuguesa, facilmente ombreando com os melhores cl\u00e1ssicos. Com efeito, ainda hoje, \u00e9 imposs\u00edvel compreender os A\u00e7ores moderno, sem trilhar os passos e entender as aprecia\u00e7\u00f5es do escritor nessa viagem realizada de junho a agosto de 1924, ao encontro de um mundo de magia e mist\u00e9rio. Ligam-se a natureza, as pessoas, as tradi\u00e7\u00f5es e a hist\u00f3ria, e o que resulta \u00e9 um panorama que naturalmente nos atrai, numa identifica\u00e7\u00e3o em que nos tornamos participantes num extraordin\u00e1rio laborat\u00f3rio onde o povo a\u00e7oriano se singulariza nas suas qualidades, atrav\u00e9s de um melting pot baseado numa rica simbiose entre natureza e sociedade.\u201d<\/p>\n<p>ING<\/p>\n<p>&#034;As Ilhas desconhecidas &#8211; Notas e Paisagens, [are] without a shadow of a doubt one of the masterpieces of travel literature in the Portuguese language, easily rivalling the best classics. Indeed, even today, it is impossible to understand the modern Azores without following in the footsteps and understanding the writer&#039;s views on that journey from June to August 1924, to find a world of magic and mystery. Nature, people, traditions and history are connected, and what results is a panorama that naturally attracts us, in an identification in which we become participants in an extraordinary laboratory where the Azorean people are singular in their qualities, through a melting pot based on a rich symbiosis between nature and society&#034;.<\/p>\n","protected":false},"excerpt":{"rendered":"<p>\u201cAs Ilhas Desconhecidas \u2013 Notas e Paisagens, s\u00e3o sem sombra de d\u00favida uma das obras-primas da literatura de viagens em l\u00edngua portuguesa, facilmente ombreando com os melhores cl\u00e1ssicos. Com efeito, ainda hoje, \u00e9 imposs\u00edvel compreender os A\u00e7ores moderno, sem trilhar os passos e entender as aprecia\u00e7\u00f5es do escritor nessa viagem realizada de junho a agosto de 1924, ao encontro de um mundo de magia e mist\u00e9rio. Ligam-se a natureza, as pessoas, as tradi\u00e7\u00f5es e a hist\u00f3ria, e o que resulta \u00e9 um panorama que naturalmente nos atrai, numa identifica\u00e7\u00e3o em que nos tornamos participantes num extraordin\u00e1rio laborat\u00f3rio onde o povo a\u00e7oriano se singulariza nas suas qualidades, atrav\u00e9s de um melting pot baseado numa rica simbiose entre natureza e sociedade.\u201d<\/p>\n<p>ING<\/p>\n<p>&#034;As Ilhas desconhecidas &#8211; Notas e Paisagens, are without a shadow of a doubt one of the masterpieces of travel literature in the Portuguese language, easily rivalling the best classics. Indeed, even today, it is impossible to understand the modern Azores without following in the footsteps and understanding the writer&#039;s views on that journey from June to August 1924, to find a world of magic and mystery. Nature, people, traditions and history are connected, and what results is a panorama that naturally attracts us, in an identification in which we become participants in an extraordinary laboratory where the Azorean people are singular in their qualities, through a melting pot based on a rich symbiosis between nature and society&#034;.<\/p>\n","protected":false},"featured_media":11877,"template":"","meta":[],"class_list":["post-11780","product","type-product","status-publish","has-post-thumbnail","hentry","product_cat-livros-en","product_shipping_class-livros-en"],"_links":{"self":[{"href":"https:\/\/aeazores.org\/en\/wp-json\/wp\/v2\/product\/11780","targetHints":{"allow":["GET"]}}],"collection":[{"href":"https:\/\/aeazores.org\/en\/wp-json\/wp\/v2\/product"}],"about":[{"href":"https:\/\/aeazores.org\/en\/wp-json\/wp\/v2\/types\/product"}],"version-history":[{"count":10,"href":"https:\/\/aeazores.org\/en\/wp-json\/wp\/v2\/product\/11780\/revisions"}],"predecessor-version":[{"id":15160,"href":"https:\/\/aeazores.org\/en\/wp-json\/wp\/v2\/product\/11780\/revisions\/15160"}],"wp:featuredmedia":[{"embeddable":true,"href":"https:\/\/aeazores.org\/en\/wp-json\/wp\/v2\/media\/11877"}],"wp:attachment":[{"href":"https:\/\/aeazores.org\/en\/wp-json\/wp\/v2\/media?parent=11780"}],"curies":[{"name":"wp","href":"https:\/\/api.w.org\/{rel}","templated":true}]}}