{"id":11766,"date":"2021-08-23T14:30:12","date_gmt":"2021-08-23T14:30:12","guid":{"rendered":"https:\/\/aeazores.org\/produto\/os-limites-do-coracao\/"},"modified":"2021-12-21T15:30:15","modified_gmt":"2021-12-21T15:30:15","slug":"os-limites-do-coracao","status":"publish","type":"product","link":"https:\/\/aeazores.org\/en\/produto\/os-limites-do-coracao\/","title":{"rendered":"&#034;Os Limites do Cora\u00e7\u00e3o&#034;, de Patr\u00edcia Carreiro"},"content":{"rendered":"<p>N\u00e3o era f\u00e1cil gerir aquele dia-a-dia. A normalidade tamb\u00e9m pode ser um problema. E para J\u00falia era: um problema dos grandes. A rotina irritava-a, era s\u00f3 mais um cada dia que nascia.<br \/>\nAt\u00e9 que surgiu aquele convite que poderia mudar tudo: e mudou. Enquanto professora de Hist\u00f3ria, J\u00falia foi convidada pelo concelho da Ribeira Grande, na ilha de S\u00e3o Miguel, nos A\u00e7ores, para leccionar um curso sobre a Hist\u00f3ria daquela terra. As tradi\u00e7\u00f5es e culturas daquela terra seriam a base do seu novo trabalho.<br \/>\nTendo ra\u00edzes a\u00e7orianas, a professora foi ao encontro de uma aventura e de uma nova experi\u00eancia. A ilha tornou-se um lugar perfeito para viver, muito mais quando conheceu Afonso, um historiador de renome a\u00e7oriano, que lhe poderia mudar a vida. Mas tudo mudou, novamente, quando ela o descobriu vi\u00favo, pois, por algum motivo estranho, nunca lhe contara aquele facto. No entanto, nem ele sabe bem a verdade da hist\u00f3ria: a falecida mulher decide reaparecer e volta com um filho nos bra\u00e7os.<br \/>\nEntre segredos que, tamb\u00e9m, J\u00falia tem e obriga\u00e7\u00f5es a que Afonso n\u00e3o consegue fugir, a hist\u00f3ria vai acontecendo num crescendo.<br \/>\nTudo culmina no dia das maiores festas da Ribeira Grande, as Cavalhadas de S\u00e3o Pedro, quando os la\u00e7os d\u00e3o os n\u00f3s e J\u00falia e Afonso descobrem todas as verdades perdidas nos recantos desta hist\u00f3ria.<\/p>\n<p>ING<\/p>\n<p>It was not easy to manage that day-to-day. Normality can also be a problem. And for Julia it was: a big problem. The routine irritated her, it was just another day.<br \/>\nUntil an invitation came along that could change everything: and it did. As a history teacher, Julia was invited by the municipality of Ribeira Grande, on the island of S\u00e3o Miguel, in the Azores, to teach a course about the history of that region. The traditions and cultures of that land would be the basis of her new work.<br \/>\nHaving Azorean roots, the teacher went on an adventure and a new experience. The island became a perfect place to live, even more so when she met Afonso, a renowned Azorean historian, who could change her life. But everything changed again when she discovered he was a widower, as for some strange reason she had never told him this fact. However, not even he knows the truth of the story: his dead wife decides to reappear and returns with a son in her arms.<br \/>\nBetween secrets that Julia also has and obligations that Afonso cannot escape, the story builds up.<br \/>\nIt all culminates on the day of the biggest festivities in Ribeira Grande, the Cavalhadas de S\u00e3o Pedro, when the knots are tied and J\u00falia and Afonso discover all the truths lost in the recesses of this story.<\/p>\n","protected":false},"excerpt":{"rendered":"<p>N\u00e3o era f\u00e1cil gerir aquele dia-a-dia. A normalidade tamb\u00e9m pode ser um problema. E para J\u00falia era: um problema dos grandes. A rotina irritava-a, era s\u00f3 mais um cada dia que nascia.<br \/>\nAt\u00e9 que surgiu aquele convite que poderia mudar tudo: e mudou. Enquanto professora de Hist\u00f3ria, J\u00falia foi convidada pelo concelho da Ribeira Grande, na ilha de S\u00e3o Miguel, nos A\u00e7ores, para leccionar um curso sobre a Hist\u00f3ria daquela terra. As tradi\u00e7\u00f5es e culturas daquela terra seriam a base do seu novo trabalho.<br \/>\nTendo ra\u00edzes a\u00e7orianas, a professora foi ao encontro de uma aventura e de uma nova experi\u00eancia. A ilha tornou-se um lugar perfeito para viver, muito mais quando conheceu Afonso, um historiador de renome a\u00e7oriano, que lhe poderia mudar a vida. Mas tudo mudou, novamente, quando ela o descobriu vi\u00favo, pois, por algum motivo estranho, nunca lhe contara aquele facto. No entanto, nem ele sabe bem a verdade da hist\u00f3ria: a falecida mulher decide reaparecer e volta com um filho nos bra\u00e7os.<br \/>\nEntre segredos que, tamb\u00e9m, J\u00falia tem e obriga\u00e7\u00f5es a que Afonso n\u00e3o consegue fugir, a hist\u00f3ria vai acontecendo num crescendo.<br \/>\nTudo culmina no dia das maiores festas da Ribeira Grande, as Cavalhadas de S\u00e3o Pedro, quando os la\u00e7os d\u00e3o os n\u00f3s e J\u00falia e Afonso descobrem todas as verdades perdidas nos recantos desta hist\u00f3ria.<\/p>\n<p>ING<\/p>\n<p>It was not easy to manage that day-to-day. Normality can also be a problem. And for Julia it was: a big problem. The routine irritated her, it was just another day.<br \/>\nUntil an invitation came along that could change everything: and it did. As a history teacher, Julia was invited by the municipality of Ribeira Grande, on the island of S\u00e3o Miguel, in the Azores, to teach a course about the history of that region. The traditions and cultures of that land would be the basis of her new work.<br \/>\nHaving Azorean roots, the teacher went on an adventure and a new experience. The island became a perfect place to live, even more so when she met Afonso, a renowned Azorean historian, who could change her life. But everything changed again when she discovered he was a widower, as for some strange reason she had never told him this fact. However, not even he knows the truth of the story: his dead wife decides to reappear and returns with a son in her arms.<br \/>\nBetween secrets that Julia also has and obligations that Afonso cannot escape, the story builds up.<br \/>\nIt all culminates on the day of the biggest festivities in Ribeira Grande, the Cavalhadas de S\u00e3o Pedro, when the knots are tied and J\u00falia and Afonso discover all the truths lost in the recesses of this story.<\/p>\n","protected":false},"featured_media":11853,"template":"","meta":[],"class_list":["post-11766","product","type-product","status-publish","has-post-thumbnail","hentry","product_cat-livros-en","product_shipping_class-livros-en"],"_links":{"self":[{"href":"https:\/\/aeazores.org\/en\/wp-json\/wp\/v2\/product\/11766","targetHints":{"allow":["GET"]}}],"collection":[{"href":"https:\/\/aeazores.org\/en\/wp-json\/wp\/v2\/product"}],"about":[{"href":"https:\/\/aeazores.org\/en\/wp-json\/wp\/v2\/types\/product"}],"version-history":[{"count":5,"href":"https:\/\/aeazores.org\/en\/wp-json\/wp\/v2\/product\/11766\/revisions"}],"predecessor-version":[{"id":15150,"href":"https:\/\/aeazores.org\/en\/wp-json\/wp\/v2\/product\/11766\/revisions\/15150"}],"wp:featuredmedia":[{"embeddable":true,"href":"https:\/\/aeazores.org\/en\/wp-json\/wp\/v2\/media\/11853"}],"wp:attachment":[{"href":"https:\/\/aeazores.org\/en\/wp-json\/wp\/v2\/media?parent=11766"}],"curies":[{"name":"wp","href":"https:\/\/api.w.org\/{rel}","templated":true}]}}