{"id":11752,"date":"2021-08-23T14:01:11","date_gmt":"2021-08-23T14:01:11","guid":{"rendered":"https:\/\/aeazores.org\/produto\/dicionario-sentimental-da-ilha-de-sao-miguel-de-a-a-z\/"},"modified":"2021-12-21T15:30:30","modified_gmt":"2021-12-21T15:30:30","slug":"dicionario-sentimental-da-ilha-de-sao-miguel-de-a-a-z","status":"publish","type":"product","link":"https:\/\/aeazores.org\/en\/produto\/dicionario-sentimental-da-ilha-de-sao-miguel-de-a-a-z\/","title":{"rendered":"&#034;Dicion\u00e1rio Sentimental da Ilha de S\u00e3o Miguel de A a Z\u201d, de F\u00e1tima Sequeira Dias"},"content":{"rendered":"<p>&#034;Pequeno dicion\u00e1rio de bolso com um registo carinhoso e bem-humorado de factos hist\u00f3ricos, viv\u00eancias, express\u00f5es e particularidades do \u201cfalar\u201d micaelense.&#034;<\/p>\n<p>ING<\/p>\n<p>&#034;Small pocket dictionary with an affectionate and humorous record of historical facts, experiences, expressions and particularities of the &#034;speak&#034; of Micael.&#034;<\/p>\n","protected":false},"excerpt":{"rendered":"<p>&#034;Pequeno dicion\u00e1rio de bolso com um registo carinhoso e bem-humorado de factos hist\u00f3ricos, viv\u00eancias, express\u00f5es e particularidades do \u201cfalar\u201d micaelense.&#034;<\/p>\n<p>ING<\/p>\n<p>&#034;Small pocket dictionary with an affectionate and humorous record of historical facts, experiences, expressions and particularities of the &#034;speak&#034; of Micael.&#034;<\/p>\n","protected":false},"featured_media":11827,"template":"","meta":[],"class_list":["post-11752","product","type-product","status-publish","has-post-thumbnail","hentry","product_cat-livros-en","product_shipping_class-livros-en"],"_links":{"self":[{"href":"https:\/\/aeazores.org\/en\/wp-json\/wp\/v2\/product\/11752","targetHints":{"allow":["GET"]}}],"collection":[{"href":"https:\/\/aeazores.org\/en\/wp-json\/wp\/v2\/product"}],"about":[{"href":"https:\/\/aeazores.org\/en\/wp-json\/wp\/v2\/types\/product"}],"version-history":[{"count":5,"href":"https:\/\/aeazores.org\/en\/wp-json\/wp\/v2\/product\/11752\/revisions"}],"predecessor-version":[{"id":15144,"href":"https:\/\/aeazores.org\/en\/wp-json\/wp\/v2\/product\/11752\/revisions\/15144"}],"wp:featuredmedia":[{"embeddable":true,"href":"https:\/\/aeazores.org\/en\/wp-json\/wp\/v2\/media\/11827"}],"wp:attachment":[{"href":"https:\/\/aeazores.org\/en\/wp-json\/wp\/v2\/media?parent=11752"}],"curies":[{"name":"wp","href":"https:\/\/api.w.org\/{rel}","templated":true}]}}