{"id":11750,"date":"2021-08-23T14:01:09","date_gmt":"2021-08-23T14:01:09","guid":{"rendered":"https:\/\/aeazores.org\/produto\/faja-de-cima-ou-como-a-bota-de-cano-se-tornou-mais-atraente-que-o-salto-alto\/"},"modified":"2021-12-21T15:30:27","modified_gmt":"2021-12-21T15:30:27","slug":"faja-de-cima-ou-como-a-bota-de-cano-se-tornou-mais-atraente-que-o-salto-alto","status":"publish","type":"product","link":"https:\/\/aeazores.org\/en\/produto\/faja-de-cima-ou-como-a-bota-de-cano-se-tornou-mais-atraente-que-o-salto-alto\/","title":{"rendered":"&#034;Faj\u00e3 de Cima ou como a bota de cano se tornou mais atraente que o salto alto\u201d, de Lu\u00eds Rego"},"content":{"rendered":"<p>\u201cEste livro \u00e9, antes de mais, uma viva declara\u00e7\u00e3o de amor \u00e0 freguesia da Faj\u00e3 de Cima e \u00e0s suas figuras, aqui com nomes como Ludgero, Herberto e M\u00e1rio. O potencial criativo do autor fica ao servi\u00e7o de uma narrativa que junta um sentimento de terna admira\u00e7\u00e3o por um territ\u00f3rio e o gosto em contar, com humor e uma pena desenfreada, o extraordin\u00e1rio.\u201d<\/p>\n<p>ING<\/p>\n<p>&#034;This book is, above all, a vivid declaration of love for the parish of Faj\u00e3 de Cima and its figures, here with names like Ludgero, Herberto and M\u00e1rio. The author&#039;s creative potential is at the service of a narrative that joins a feeling of tender admiration for a territory and the taste in telling, with humour and an unbridled pity, the extraordinary.&#034;<\/p>\n","protected":false},"excerpt":{"rendered":"<p>\u201cEste livro \u00e9, antes de mais, uma viva declara\u00e7\u00e3o de amor \u00e0 freguesia da Faj\u00e3 de Cima e \u00e0s suas figuras, aqui com nomes como Ludgero, Herberto e M\u00e1rio. O potencial criativo do autor fica ao servi\u00e7o de uma narrativa que junta um sentimento de terna admira\u00e7\u00e3o por um territ\u00f3rio e o gosto em contar, com humor e uma pena desenfreada, o extraordin\u00e1rio.\u201d<\/p>\n<p>ING<\/p>\n<p>&#034;This book is, above all, a vivid declaration of love for the parish of Faj\u00e3 de Cima and its figures, here with names like Ludgero, Herberto and M\u00e1rio. The author&#039;s creative potential is at the service of a narrative that joins a feeling of tender admiration for a territory and the taste in telling, with humour and an unbridled pity, the extraordinary.&#034;<\/p>\n","protected":false},"featured_media":11837,"template":"","meta":[],"class_list":["post-11750","product","type-product","status-publish","has-post-thumbnail","hentry","product_cat-livros-en","product_shipping_class-livros-en"],"_links":{"self":[{"href":"https:\/\/aeazores.org\/en\/wp-json\/wp\/v2\/product\/11750","targetHints":{"allow":["GET"]}}],"collection":[{"href":"https:\/\/aeazores.org\/en\/wp-json\/wp\/v2\/product"}],"about":[{"href":"https:\/\/aeazores.org\/en\/wp-json\/wp\/v2\/types\/product"}],"version-history":[{"count":5,"href":"https:\/\/aeazores.org\/en\/wp-json\/wp\/v2\/product\/11750\/revisions"}],"predecessor-version":[{"id":15142,"href":"https:\/\/aeazores.org\/en\/wp-json\/wp\/v2\/product\/11750\/revisions\/15142"}],"wp:featuredmedia":[{"embeddable":true,"href":"https:\/\/aeazores.org\/en\/wp-json\/wp\/v2\/media\/11837"}],"wp:attachment":[{"href":"https:\/\/aeazores.org\/en\/wp-json\/wp\/v2\/media?parent=11750"}],"curies":[{"name":"wp","href":"https:\/\/api.w.org\/{rel}","templated":true}]}}