{"id":11746,"date":"2021-08-23T14:01:06","date_gmt":"2021-08-23T14:01:06","guid":{"rendered":"https:\/\/aeazores.org\/produto\/como-tenuissima-espuma-de-luz\/"},"modified":"2021-12-21T15:30:20","modified_gmt":"2021-12-21T15:30:20","slug":"como-tenuissima-espuma-de-luz","status":"publish","type":"product","link":"https:\/\/aeazores.org\/en\/produto\/como-tenuissima-espuma-de-luz\/","title":{"rendered":"&#034;Como Tenu\u00edssima Espuma de Luz&#034;, Edu\u00edno de Jesus"},"content":{"rendered":"<p>&#034;Uma arte da m\u00fasica.<br \/>\nSeria este, meu caro Edu\u00edno, o \u00faltimo aspeto que eu abordaria nos teus poemas. Trataria de mostrar neles a dimens\u00e3o mel\u00f3dica, desdobrar para o meu e teu leitor o cuidadoso jogo de vogais e o disciplinado pas-de-deux entre vogais e consoantes, umas e outras se retomando, frequent\u00edssimas vezes, para criarem uma cadeia de ecos que, refor\u00e7ando sempre o afectivo e o passional, trabalha agora no plano do sensorial, por vezes do mais requintato sensual. (\u2026) Com o teu saber dos sons, com a melodia inoculada em cada poema, em cada estrofe, em cada verso, tu ressuscitas nos teus leitores a magia dos primeiros encontros com o mundo sagrado da poesia.\u201d<\/p>\n<p>ING<\/p>\n<p>&#034;An art of music.<br \/>\nThis, my dear Edu\u00edno, would be the last aspect that I would approach in your poems. I would try to show in them the melodic dimension, to unfold for my and your reader the careful play of vowels and the disciplined pas-de-deux between vowels and consonants, one and the other taking over, very often, to create a chain of echoes that, always reinforcing the affective and the passionate, works now at the level of the sensorial, sometimes of the most sensual refinement. (&#8230;) With your knowledge of sounds, with the melody inoculated in each poem, in each stanza, in each verse, you resurrect in your readers the magic of their first encounters with the sacred world of poetry.&#034;<\/p>\n","protected":false},"excerpt":{"rendered":"<p>&#034;Uma arte da m\u00fasica.<br \/>\nSeria este, meu caro Edu\u00edno, o \u00faltimo aspeto que eu abordaria nos teus poemas. Trataria de mostrar neles a dimens\u00e3o mel\u00f3dica, desdobrar para o meu e teu leitor o cuidadoso jogo de vogais e o disciplinado pas-de-deux entre vogais e consoantes, umas e outras se retomando, frequent\u00edssimas vezes, para criarem uma cadeia de ecos que, refor\u00e7ando sempre o afectivo e o passional, trabalha agora no plano do sensorial, por vezes do mais requintato sensual. (\u2026) Com o teu saber dos sons, com a melodia inoculada em cada poema, em cada estrofe, em cada verso, tu ressuscitas nos teus leitores a magia dos primeiros encontros com o mundo sagrado da poesia.\u201d<\/p>\n<p>ING<\/p>\n<p>&#034;An art of music.<br \/>\nThis, my dear Edu\u00edno, would be the last aspect that I would approach in your poems. I would try to show in them the melodic dimension, to unfold for my and your reader the careful play of vowels and the disciplined pas-de-deux between vowels and consonants, one and the other taking over, very often, to create a chain of echoes that, always reinforcing the affective and the passionate, works now at the level of the sensorial, sometimes of the most sensual refinement. (&#8230;) With your knowledge of sounds, with the melody inoculated in each poem, in each stanza, in each verse, you resurrect in your readers the magic of their first encounters with the sacred world of poetry.&#034;<\/p>\n","protected":false},"featured_media":11845,"template":"","meta":[],"class_list":["post-11746","product","type-product","status-publish","has-post-thumbnail","hentry","product_cat-livros-en","product_shipping_class-livros-en"],"_links":{"self":[{"href":"https:\/\/aeazores.org\/en\/wp-json\/wp\/v2\/product\/11746","targetHints":{"allow":["GET"]}}],"collection":[{"href":"https:\/\/aeazores.org\/en\/wp-json\/wp\/v2\/product"}],"about":[{"href":"https:\/\/aeazores.org\/en\/wp-json\/wp\/v2\/types\/product"}],"version-history":[{"count":9,"href":"https:\/\/aeazores.org\/en\/wp-json\/wp\/v2\/product\/11746\/revisions"}],"predecessor-version":[{"id":15136,"href":"https:\/\/aeazores.org\/en\/wp-json\/wp\/v2\/product\/11746\/revisions\/15136"}],"wp:featuredmedia":[{"embeddable":true,"href":"https:\/\/aeazores.org\/en\/wp-json\/wp\/v2\/media\/11845"}],"wp:attachment":[{"href":"https:\/\/aeazores.org\/en\/wp-json\/wp\/v2\/media?parent=11746"}],"curies":[{"name":"wp","href":"https:\/\/api.w.org\/{rel}","templated":true}]}}