{"id":11742,"date":"2021-08-23T14:00:53","date_gmt":"2021-08-23T14:00:53","guid":{"rendered":"https:\/\/aeazores.org\/produto\/antigamente-era-assim\/"},"modified":"2021-12-21T15:30:11","modified_gmt":"2021-12-21T15:30:11","slug":"antigamente-era-assim","status":"publish","type":"product","link":"https:\/\/aeazores.org\/en\/produto\/antigamente-era-assim\/","title":{"rendered":"&#034;Antigamente, era assim!&#034;, de Avelino de Freitas de Meneses"},"content":{"rendered":"<p>\u201cNo prop\u00f3sito do esclarecimento de mais tempos e de mais mat\u00e9rias do suceder hist\u00f3rico insular, esta renovada colet\u00e2nea, que inclui textos sobre Hist\u00f3ria e Historiografia, percorre os s\u00e9culos, dos alvores da descoberta e da coloniza\u00e7\u00e3o at\u00e9 \u00e0s incid\u00eancias da frescal contemporaneidade, evidenciando uma pluralidade de matizes, da pol\u00edtica e da administra\u00e7\u00e3o, da economia, da estrat\u00e9gia, da popula\u00e7\u00e3o, dos movimentos migrat\u00f3rios e da organiza\u00e7\u00e3o da sociedade, da cultura, da religi\u00e3o e do quotidiano. De novo, impera a coexist\u00eancia das an\u00e1lises mais particulares, indispens\u00e1veis na fixa\u00e7\u00e3o da identidade, com os racioc\u00ednios mais gerais, \u00fateis no entendimento da interdepend\u00eancia. Nos A\u00e7ores, tudo isto \u00e9 muito determinado pela omnipresen\u00e7a do mar, que historicamente provoca o isolamento nos longos invernos, dada a descontinuidade do territ\u00f3rio e o afastamento dos continentes, e suscita a mundivid\u00eancia nos c\u00e1lidos ver\u00f5es, fruto da localiza\u00e7\u00e3o numa conflu\u00eancia de rotas transatl\u00e2nticas, que ancora o progresso da globaliza\u00e7\u00e3o. Oxal\u00e1 da leitura destas an\u00e1lises e destas reflex\u00f5es persista, uma vez mais, a convic\u00e7\u00e3o da quotidiana utilidade dos estudos hist\u00f3ricos, \u00e0 luz do entendimento de que o conhecimento do passado facilita a compreens\u00e3o do presente e auxilia na proje\u00e7\u00e3o do futuro.\u201d <\/p>\n<p>ING<\/p>\n<p>&#034;This renewed collection, which includes texts on History and Historiography, covers the centuries, from the dawn of the discovery and colonization to the incidences of the fresh contemporary times, highlighting a plurality of nuances, from politics and administration, economy, strategy, population, migratory movements and the organization of society, culture, religion and daily life. Once again, the coexistence of more specific analyses, which are indispensable for establishing identity, with more general reasoning, which is useful for understanding interdependence, is imperative. In the Azores, all this is very much determined by the omnipresence of the sea, which historically causes isolation in the long winters, given the discontinuity of the territory and the distance from the continents, and gives rise to world views in the warm summers, the result of being located at a confluence of transatlantic routes, which anchors the progress of globalisation. Let us hope that from the reading of these analyses and reflections there remains, once again, the conviction of the daily usefulness of historical studies, in the light of the understanding that knowledge of the past facilitates the understanding of the present and assists in the projection of the future&#034;. <\/p>\n","protected":false},"excerpt":{"rendered":"<p>\u201cNo prop\u00f3sito do esclarecimento de mais tempos e de mais mat\u00e9rias do suceder hist\u00f3rico insular, esta renovada colet\u00e2nea, que inclui textos sobre Hist\u00f3ria e Historiografia, percorre os s\u00e9culos, dos alvores da descoberta e da coloniza\u00e7\u00e3o at\u00e9 \u00e0s incid\u00eancias da frescal contemporaneidade, evidenciando uma pluralidade de matizes, da pol\u00edtica e da administra\u00e7\u00e3o, da economia, da estrat\u00e9gia, da popula\u00e7\u00e3o, dos movimentos migrat\u00f3rios e da organiza\u00e7\u00e3o da sociedade, da cultura, da religi\u00e3o e do quotidiano. De novo, impera a coexist\u00eancia das an\u00e1lises mais particulares, indispens\u00e1veis na fixa\u00e7\u00e3o da identidade, com os racioc\u00ednios mais gerais, \u00fateis no entendimento da interdepend\u00eancia. Nos A\u00e7ores, tudo isto \u00e9 muito determinado pela omnipresen\u00e7a do mar, que historicamente provoca o isolamento nos longos invernos, dada a descontinuidade do territ\u00f3rio e o afastamento dos continentes, e suscita a mundivid\u00eancia nos c\u00e1lidos ver\u00f5es, fruto da localiza\u00e7\u00e3o numa conflu\u00eancia de rotas transatl\u00e2nticas, que ancora o progresso da globaliza\u00e7\u00e3o. Oxal\u00e1 da leitura destas an\u00e1lises e destas reflex\u00f5es persista, uma vez mais, a convic\u00e7\u00e3o da quotidiana utilidade dos estudos hist\u00f3ricos, \u00e0 luz do entendimento de que o conhecimento do passado facilita a compreens\u00e3o do presente e auxilia na proje\u00e7\u00e3o do futuro.\u201d <\/p>\n<p>ING<\/p>\n<p>&#034;This renewed collection, which includes texts on History and Historiography, covers the centuries, from the dawn of the discovery and colonization to the incidences of the fresh contemporary times, highlighting a plurality of nuances, from politics and administration, economy, strategy, population, migratory movements and the organization of society, culture, religion and daily life. Once again, the coexistence of more specific analyses, which are indispensable for establishing identity, with more general reasoning, which is useful for understanding interdependence, is imperative. In the Azores, all this is very much determined by the omnipresence of the sea, which historically causes isolation in the long winters, given the discontinuity of the territory and the distance from the continents, and gives rise to world views in the warm summers, the result of being located at a confluence of transatlantic routes, which anchors the progress of globalisation. Let us hope that from the reading of these analyses and reflections there remains, once again, the conviction of the daily usefulness of historical studies, in the light of the understanding that knowledge of the past facilitates the understanding of the present and assists in the projection of the future&#034;. <\/p>\n","protected":false},"featured_media":11891,"template":"","meta":[],"class_list":["post-11742","product","type-product","status-publish","has-post-thumbnail","hentry","product_cat-livros-en","product_shipping_class-livros-en"],"_links":{"self":[{"href":"https:\/\/aeazores.org\/en\/wp-json\/wp\/v2\/product\/11742","targetHints":{"allow":["GET"]}}],"collection":[{"href":"https:\/\/aeazores.org\/en\/wp-json\/wp\/v2\/product"}],"about":[{"href":"https:\/\/aeazores.org\/en\/wp-json\/wp\/v2\/types\/product"}],"version-history":[{"count":5,"href":"https:\/\/aeazores.org\/en\/wp-json\/wp\/v2\/product\/11742\/revisions"}],"predecessor-version":[{"id":15127,"href":"https:\/\/aeazores.org\/en\/wp-json\/wp\/v2\/product\/11742\/revisions\/15127"}],"wp:featuredmedia":[{"embeddable":true,"href":"https:\/\/aeazores.org\/en\/wp-json\/wp\/v2\/media\/11891"}],"wp:attachment":[{"href":"https:\/\/aeazores.org\/en\/wp-json\/wp\/v2\/media?parent=11742"}],"curies":[{"name":"wp","href":"https:\/\/api.w.org\/{rel}","templated":true}]}}