{"id":11740,"date":"2021-08-23T14:00:22","date_gmt":"2021-08-23T14:00:22","guid":{"rendered":"https:\/\/aeazores.org\/produto\/tal-disparate-de-glossario-termos-e-expressoes-populares-da-ilha-terceira\/"},"modified":"2021-12-21T15:30:07","modified_gmt":"2021-12-21T15:30:07","slug":"tal-disparate-de-glossario-termos-e-expressoes-populares-da-ilha-terceira","status":"publish","type":"product","link":"https:\/\/aeazores.org\/en\/produto\/tal-disparate-de-glossario-termos-e-expressoes-populares-da-ilha-terceira\/","title":{"rendered":"&#034;Tal Disparate de Gloss\u00e1rio \u2013 Termos e Express\u00f5es Populares da Ilha Terceira&#034;, de Ana Rita Carvalho"},"content":{"rendered":"<p>&#034;Compila\u00e7\u00e3o de termos e express\u00f5es populares da ilha Terceira, elaborada por Ana Rita Martins de Carvalho, natural de Lisboa, mas que reside atualmente na ilha Terceira, tendo-se apaixonado pelas gentes, express\u00f5es e termos \u00fanicos desta terra.&#034;<\/p>\n<p>ING<\/p>\n<p>&#034;A compilation of popular terms and expressions of Terceira island, prepared by Ana Rita Martins de Carvalho, who was born in Lisbon, but currently lives on Terceira island, having fallen in love with the people, expressions and unique terms of this land.&#034;<\/p>\n","protected":false},"excerpt":{"rendered":"<p>&#034;Compila\u00e7\u00e3o de termos e express\u00f5es populares da ilha Terceira, elaborada por Ana Rita Martins de Carvalho, natural de Lisboa, mas que reside atualmente na ilha Terceira, tendo-se apaixonado pelas gentes, express\u00f5es e termos \u00fanicos desta terra.&#034;<\/p>\n<p>ING<\/p>\n<p>&#034;A compilation of popular terms and expressions of Terceira island, prepared by Ana Rita Martins de Carvalho, who was born in Lisbon, but currently lives on Terceira island, having fallen in love with the people, expressions and unique terms of this land.&#034;<\/p>\n","protected":false},"featured_media":11885,"template":"","meta":[],"class_list":["post-11740","product","type-product","status-publish","has-post-thumbnail","hentry","product_cat-livros-en","product_shipping_class-livros-en"],"_links":{"self":[{"href":"https:\/\/aeazores.org\/en\/wp-json\/wp\/v2\/product\/11740","targetHints":{"allow":["GET"]}}],"collection":[{"href":"https:\/\/aeazores.org\/en\/wp-json\/wp\/v2\/product"}],"about":[{"href":"https:\/\/aeazores.org\/en\/wp-json\/wp\/v2\/types\/product"}],"version-history":[{"count":5,"href":"https:\/\/aeazores.org\/en\/wp-json\/wp\/v2\/product\/11740\/revisions"}],"predecessor-version":[{"id":15123,"href":"https:\/\/aeazores.org\/en\/wp-json\/wp\/v2\/product\/11740\/revisions\/15123"}],"wp:featuredmedia":[{"embeddable":true,"href":"https:\/\/aeazores.org\/en\/wp-json\/wp\/v2\/media\/11885"}],"wp:attachment":[{"href":"https:\/\/aeazores.org\/en\/wp-json\/wp\/v2\/media?parent=11740"}],"curies":[{"name":"wp","href":"https:\/\/api.w.org\/{rel}","templated":true}]}}