{"id":11683,"date":"2021-08-20T17:00:15","date_gmt":"2021-08-20T17:00:15","guid":{"rendered":"https:\/\/aeazores.org\/produto\/memorias-de-madre-aliviada-da-cruz\/"},"modified":"2021-12-21T15:30:25","modified_gmt":"2021-12-21T15:30:25","slug":"memorias-de-madre-aliviada-da-cruz","status":"publish","type":"product","link":"https:\/\/aeazores.org\/en\/produto\/memorias-de-madre-aliviada-da-cruz\/","title":{"rendered":"&#034;Mem\u00f3rias de Madre Aliviada da Cruz&#034;, de Henrique Levy"},"content":{"rendered":"<p>\u201cEm que parte da vida deste convento entra a m\u00fasica? A leitura? O cultivo das artes? A contempla\u00e7\u00e3o das \u00e1rvores? O encontro com o mar? Em que parede desta casa est\u00e1 inscrito o infinito? Estamos obrigadas \u00e0 bondade? Que devemos fazer aos pensamentos lascivos? Em que lugar desta casa devemos abandonar a vontade de homem? Quem esventra porcos, cabritos e vitelos? \u00c9 permitido manter o cora\u00e7\u00e3o no peito, ou temos de o deixar l\u00e1 fora? Quem veste as irm\u00e3s defuntas de uma casa onde a F\u00e9 se apalpa, se excita, aviva, adormece e morre? Porque raz\u00e3o t\u00eam as gavetas um s\u00f3 puxador? O padre, que rezou a missa h\u00e1 pouco, visita na intimidade as irm\u00e3s? Com que frequ\u00eancia as luas nos pintam de sangue as pernas? Em que lugar deste convento sacrificam as crian\u00e7as nele nascidas? O que fazer \u00e0s penas das asas dos p\u00e1ssaros ca\u00eddos no jardim? Quem cava o quintal? Que castigo reservam \u00e0s irm\u00e3s que violam novi\u00e7as? O pecado da masturba\u00e7\u00e3o \u00e9 igualmente punido, se o coadjuvante tiver sido colhido na horta? A quem cabe enfeitar de flores a capela? As irm\u00e3s mortas por solid\u00e3o s\u00e3o enterradas no mesmo cemit\u00e9rio que recebe o corpo das que morrem sifil\u00edticas? Concluindo. Deus chamou-me a esta casa para nela me santificar! Para que se cumpra a vontade de Deus, preciso que a irm\u00e3 me responda a todas as d\u00favidas colocadas.\u201d<\/p>\n<p>ING<\/p>\n<p>&#034;Where in the life of this convent does music come in? The reading? The cultivation of the arts? The contemplation of the trees? The encounter with the sea? On which wall of this house is inscribed the infinite? Are we bound to goodness? What must we do to lustful thoughts? Where in this house must we abandon the will of man? Who disembowels pigs, goats and calves? Is it permitted to keep the heart in the breast, or must we leave it outside? Who dresses the defunct sisters of a house where Faith gropes, excites, revives, slumbers and dies? Why do the drawers have only one handle? Does the priest, who said Mass a short while ago, visit the sisters intimately? How often do the moons paint our legs with blood? Where in this convent do they sacrifice the children born in it? What to do with the wing feathers of fallen birds in the garden? Who digs the yard? What punishment do they reserve for sisters who rape novices? Is the sin of masturbation equally punished, if the coadjutor has been picked from the vegetable garden? Who is responsible for adorning the chapel with flowers? Are sisters who die of loneliness buried in the same cemetery as those who die of syphilis? In conclusion. God has called me to this house to sanctify myself in it! For God&#039;s will to be fulfilled, I need the sister to answer all the questions asked.&#034;<\/p>\n","protected":false},"excerpt":{"rendered":"<p>\u201cEm que parte da vida deste convento entra a m\u00fasica? A leitura? O cultivo das artes? A contempla\u00e7\u00e3o das \u00e1rvores? O encontro com o mar? Em que parede desta casa est\u00e1 inscrito o infinito? Estamos obrigadas \u00e0 bondade? Que devemos fazer aos pensamentos lascivos? Em que lugar desta casa devemos abandonar a vontade de homem? Quem esventra porcos, cabritos e vitelos? \u00c9 permitido manter o cora\u00e7\u00e3o no peito, ou temos de o deixar l\u00e1 fora? Quem veste as irm\u00e3s defuntas de uma casa onde a F\u00e9 se apalpa, se excita, aviva, adormece e morre? Porque raz\u00e3o t\u00eam as gavetas um s\u00f3 puxador? O padre, que rezou a missa h\u00e1 pouco, visita na intimidade as irm\u00e3s? Com que frequ\u00eancia as luas nos pintam de sangue as pernas? Em que lugar deste convento sacrificam as crian\u00e7as nele nascidas? O que fazer \u00e0s penas das asas dos p\u00e1ssaros ca\u00eddos no jardim? Quem cava o quintal? Que castigo reservam \u00e0s irm\u00e3s que violam novi\u00e7as? O pecado da masturba\u00e7\u00e3o \u00e9 igualmente punido, se o coadjuvante tiver sido colhido na horta? A quem cabe enfeitar de flores a capela? As irm\u00e3s mortas por solid\u00e3o s\u00e3o enterradas no mesmo cemit\u00e9rio que recebe o corpo das que morrem sifil\u00edticas? Concluindo. Deus chamou-me a esta casa para nela me santificar! Para que se cumpra a vontade de Deus, preciso que a irm\u00e3 me responda a todas as d\u00favidas colocadas.\u201d<\/p>\n<p>ING<\/p>\n<p>&#034;Where in the life of this convent does music come in? The reading? The cultivation of the arts? The contemplation of the trees? The encounter with the sea? On which wall of this house is inscribed the infinite? Are we bound to goodness? What must we do to lustful thoughts? Where in this house must we abandon the will of man? Who disembowels pigs, goats and calves? Is it permitted to keep the heart in the breast, or must we leave it outside? Who dresses the defunct sisters of a house where Faith gropes, excites, revives, slumbers and dies? Why do the drawers have only one handle? Does the priest, who said Mass a short while ago, visit the sisters intimately? How often do the moons paint our legs with blood? Where in this convent do they sacrifice the children born in it? What to do with the wing feathers of fallen birds in the garden? Who digs the yard? What punishment do they reserve for sisters who rape novices? Is the sin of masturbation equally punished, if the coadjutor has been picked from the vegetable garden? Who is responsible for adorning the chapel with flowers? Are sisters who die of loneliness buried in the same cemetery as those who die of syphilis? In conclusion. God has called me to this house to sanctify myself in it! For God&#039;s will to be fulfilled, I need the sister to answer all the questions asked.&#034;<\/p>\n","protected":false},"featured_media":11889,"template":"","meta":[],"class_list":["post-11683","product","type-product","status-publish","has-post-thumbnail","hentry","product_cat-livros-en","product_shipping_class-livros-en"],"_links":{"self":[{"href":"https:\/\/aeazores.org\/en\/wp-json\/wp\/v2\/product\/11683","targetHints":{"allow":["GET"]}}],"collection":[{"href":"https:\/\/aeazores.org\/en\/wp-json\/wp\/v2\/product"}],"about":[{"href":"https:\/\/aeazores.org\/en\/wp-json\/wp\/v2\/types\/product"}],"version-history":[{"count":5,"href":"https:\/\/aeazores.org\/en\/wp-json\/wp\/v2\/product\/11683\/revisions"}],"predecessor-version":[{"id":15140,"href":"https:\/\/aeazores.org\/en\/wp-json\/wp\/v2\/product\/11683\/revisions\/15140"}],"wp:featuredmedia":[{"embeddable":true,"href":"https:\/\/aeazores.org\/en\/wp-json\/wp\/v2\/media\/11889"}],"wp:attachment":[{"href":"https:\/\/aeazores.org\/en\/wp-json\/wp\/v2\/media?parent=11683"}],"curies":[{"name":"wp","href":"https:\/\/api.w.org\/{rel}","templated":true}]}}