{"id":11677,"date":"2021-08-20T16:30:29","date_gmt":"2021-08-20T16:30:29","guid":{"rendered":"https:\/\/aeazores.org\/produto\/os-acores-nos-versos-dos-seus-poetas\/"},"modified":"2021-12-21T15:30:17","modified_gmt":"2021-12-21T15:30:17","slug":"os-acores-nos-versos-dos-seus-poetas","status":"publish","type":"product","link":"https:\/\/aeazores.org\/en\/produto\/os-acores-nos-versos-dos-seus-poetas\/","title":{"rendered":"&#034;Os A\u00e7ores nos Versos dos Seus Poetas&#034;, Oleg\u00e1rio de Sousa da Paz"},"content":{"rendered":"<p>\u201cOs A\u00e7ores nos Versos dos Seus Poetas, de Oleg\u00e1rio Paz, trata-se de uma colet\u00e2nea de 400 poemas de 400 poetas sobre os A\u00e7ores, a\u00e7orianos e n\u00e3o s\u00f3.<br \/>\nOleg\u00e1rio Paz, natural da ilha de S\u00e3o Jorge e radicado na Amadora, compilou 400 poemas de 400 poetas divulgando durante anos, via email versos de A\u00e7orianos, naturais ou de afei\u00e7\u00e3o, num espa\u00e7o a que designou por Por Que Hoje \u00e9 S\u00e1bado. No email semanal e posteriormente quinzenal enviava o poema escrito, recitado por si acompanhado de m\u00fasica, bem como a refer\u00eancia biogr\u00e1fica do autor do poema. Agora, esses poemas est\u00e3o reunidos em livro nesta edi\u00e7\u00e3o exclusiva e limitada.\u201d<\/p>\n<p>ING<\/p>\n<p>&#034;Os A\u00e7ores nos Versos dos Seus Poetas, by Oleg\u00e1rio Paz, is a collection of 400 poems by 400 poets about the Azores, Azoreans and others.<br \/>\nOleg\u00e1rio Paz, natural of the island of S\u00e3o Jorge and living in Amadora, compiled 400 poems of 400 poets divulging for years, via email, verses of Azoreans, natural or of affection, in a space that he called Por Que Hoje \u00e9 S\u00e1bado (Because today is Saturday). In the weekly email, and then every fortnight, he would send the written poem, recited by him and accompanied by music, as well as the biographical reference of the author of the poem. Now, those poems are collected in book form in this exclusive and limited edition.&#034;<\/p>\n","protected":false},"excerpt":{"rendered":"<p>\u201cOs A\u00e7ores nos Versos dos Seus Poetas, de Oleg\u00e1rio Paz, trata-se de uma colet\u00e2nea de 400 poemas de 400 poetas sobre os A\u00e7ores, a\u00e7orianos e n\u00e3o s\u00f3.<br \/>\nOleg\u00e1rio Paz, natural da ilha de S\u00e3o Jorge e radicado na Amadora, compilou 400 poemas de 400 poetas divulgando durante anos, via email versos de A\u00e7orianos, naturais ou de afei\u00e7\u00e3o, num espa\u00e7o a que designou por Por Que Hoje \u00e9 S\u00e1bado. No email semanal e posteriormente quinzenal enviava o poema escrito, recitado por si acompanhado de m\u00fasica, bem como a refer\u00eancia biogr\u00e1fica do autor do poema. Agora, esses poemas est\u00e3o reunidos em livro nesta edi\u00e7\u00e3o exclusiva e limitada.\u201d<\/p>\n<p>ING<\/p>\n<p>&#034;Os A\u00e7ores nos Versos dos Seus Poetas, by Oleg\u00e1rio Paz, is a collection of 400 poems by 400 poets about the Azores, Azoreans and others.<br \/>\nOleg\u00e1rio Paz, natural of the island of S\u00e3o Jorge and living in Amadora, compiled 400 poems of 400 poets divulging for years, via email, verses of Azoreans, natural or of affection, in a space that he called Por Que Hoje \u00e9 S\u00e1bado (Because today is Saturday). In the weekly email, and then every fortnight, he would send the written poem, recited by him and accompanied by music, as well as the biographical reference of the author of the poem. Now, those poems are collected in book form in this exclusive and limited edition.&#034;<\/p>\n","protected":false},"featured_media":11851,"template":"","meta":[],"class_list":["post-11677","product","type-product","status-publish","has-post-thumbnail","hentry","product_cat-livros-en","product_shipping_class-livros-en"],"_links":{"self":[{"href":"https:\/\/aeazores.org\/en\/wp-json\/wp\/v2\/product\/11677","targetHints":{"allow":["GET"]}}],"collection":[{"href":"https:\/\/aeazores.org\/en\/wp-json\/wp\/v2\/product"}],"about":[{"href":"https:\/\/aeazores.org\/en\/wp-json\/wp\/v2\/types\/product"}],"version-history":[{"count":5,"href":"https:\/\/aeazores.org\/en\/wp-json\/wp\/v2\/product\/11677\/revisions"}],"predecessor-version":[{"id":15132,"href":"https:\/\/aeazores.org\/en\/wp-json\/wp\/v2\/product\/11677\/revisions\/15132"}],"wp:featuredmedia":[{"embeddable":true,"href":"https:\/\/aeazores.org\/en\/wp-json\/wp\/v2\/media\/11851"}],"wp:attachment":[{"href":"https:\/\/aeazores.org\/en\/wp-json\/wp\/v2\/media?parent=11677"}],"curies":[{"name":"wp","href":"https:\/\/api.w.org\/{rel}","templated":true}]}}