{"id":11675,"date":"2021-08-20T16:00:19","date_gmt":"2021-08-20T16:00:19","guid":{"rendered":"https:\/\/aeazores.org\/produto\/nem-sempre-a-saudade-chora\/"},"modified":"2021-12-21T15:30:19","modified_gmt":"2021-12-21T15:30:19","slug":"nem-sempre-a-saudade-chora","status":"publish","type":"product","link":"https:\/\/aeazores.org\/en\/produto\/nem-sempre-a-saudade-chora\/","title":{"rendered":"&#034;Nem Sempre a Saudade Chora&#034;, de Diniz Borges"},"content":{"rendered":"<p>\u201cAo longo dos s\u00e9culos, o nosso arquip\u00e9lago tem sido porto de partidas e a emigra\u00e7\u00e3o, principalmente\u2014para o Brasil, os Estados Unidos, o Canad\u00e1 e as Bermudas\u2014marcou n\u00e3o s\u00f3 os que das ilhas sa\u00edram para terras do Novo Mundo, e l\u00e1 plantaram ra\u00edzes, semearam os nossos costumes e as nossas tradi\u00e7\u00f5es, comungaram de outras culturas, dissemelhares e estranhas, transformando-os em outros seres humanos, em a\u00e7orianos diferentes, em a\u00e7orianos com h\u00edfens (a\u00e7or-americanos, a\u00e7or-canadianos, etc.), mas tamb\u00e9m marcou os que nas ilhas ficaram.\u201d<\/p>\n<p>ING<\/p>\n<p>&#034;Throughout the centuries, our archipelago has been a port of departure and emigration, mainly-to Brazil, the United States, Canada and Bermuda-has marked not only those who left the islands for the lands of the New World, and planted roots there, sowed our customs and traditions, shared other cultures, dissimilar and strange, transforming them into other human beings, into different Azoreans, into Azoreans with hyphens (Azorean-Americans, Azorean-Canadians, etc. ), but also marked those who remained in the islands&#034;.<\/p>\n","protected":false},"excerpt":{"rendered":"<p>\u201cAo longo dos s\u00e9culos, o nosso arquip\u00e9lago tem sido porto de partidas e a emigra\u00e7\u00e3o, principalmente\u2014para o Brasil, os Estados Unidos, o Canad\u00e1 e as Bermudas\u2014marcou n\u00e3o s\u00f3 os que das ilhas sa\u00edram para terras do Novo Mundo, e l\u00e1 plantaram ra\u00edzes, semearam os nossos costumes e as nossas tradi\u00e7\u00f5es, comungaram de outras culturas, dissemelhares e estranhas, transformando-os em outros seres humanos, em a\u00e7orianos diferentes, em a\u00e7orianos com h\u00edfens (a\u00e7or-americanos, a\u00e7or-canadianos, etc.), mas tamb\u00e9m marcou os que nas ilhas ficaram.\u201d<\/p>\n<p>ING<\/p>\n<p>&#034;Throughout the centuries, our archipelago has been a port of departure and emigration, mainly-to Brazil, the United States, Canada and Bermuda-has marked not only those who left the islands for the lands of the New World, and planted roots there, sowed our customs and traditions, shared other cultures, dissimilar and strange, transforming them into other human beings, into different Azoreans, into Azoreans with hyphens (Azorean-Americans, Azorean-Canadians, etc. ), but also marked those who remained in the islands&#034;.<\/p>\n","protected":false},"featured_media":11893,"template":"","meta":[],"class_list":["post-11675","product","type-product","status-publish","has-post-thumbnail","hentry","product_cat-livros-en","product_shipping_class-livros-en"],"_links":{"self":[{"href":"https:\/\/aeazores.org\/en\/wp-json\/wp\/v2\/product\/11675","targetHints":{"allow":["GET"]}}],"collection":[{"href":"https:\/\/aeazores.org\/en\/wp-json\/wp\/v2\/product"}],"about":[{"href":"https:\/\/aeazores.org\/en\/wp-json\/wp\/v2\/types\/product"}],"version-history":[{"count":5,"href":"https:\/\/aeazores.org\/en\/wp-json\/wp\/v2\/product\/11675\/revisions"}],"predecessor-version":[{"id":15134,"href":"https:\/\/aeazores.org\/en\/wp-json\/wp\/v2\/product\/11675\/revisions\/15134"}],"wp:featuredmedia":[{"embeddable":true,"href":"https:\/\/aeazores.org\/en\/wp-json\/wp\/v2\/media\/11893"}],"wp:attachment":[{"href":"https:\/\/aeazores.org\/en\/wp-json\/wp\/v2\/media?parent=11675"}],"curies":[{"name":"wp","href":"https:\/\/api.w.org\/{rel}","templated":true}]}}