{"id":11667,"date":"2021-08-20T15:00:21","date_gmt":"2021-08-20T15:00:21","guid":{"rendered":"https:\/\/aeazores.org\/produto\/vidas-exemplares\/"},"modified":"2021-12-21T15:30:31","modified_gmt":"2021-12-21T15:30:31","slug":"vidas-exemplares","status":"publish","type":"product","link":"https:\/\/aeazores.org\/en\/produto\/vidas-exemplares\/","title":{"rendered":"&#034;Vidas Exemplares&#034;, de Te\u00f3filo Braga"},"content":{"rendered":"<p>\u201cA hist\u00f3ria \u00e9 feita por todos e n\u00e3o unicamente pelos chamados her\u00f3is que podem ser \u201capenas homens, e \u00e0s vezes, homens insignificantes que conheceram a arte de adornar-se com o m\u00e9rito dos demais\u201d.<br \/>\nEsta publica\u00e7\u00e3o \u00e9 uma homenagem a pessoas, de todas as classes sociais, crentes ou n\u00e3o, revolucion\u00e1rios ou conservadores, que se distinguiram dos demais, quer pela sua obra, quer pela sua maneira de ser e agir.<br \/>\nTodos os que se interessam por conhecer melhor a sua terra v\u00e3o encontrar neste livro informa\u00e7\u00f5es, algumas desconhecidas, outras propositadamente ocultadas, sobre os seguintes 35 a\u00e7orianos, por nascimento ou pelo cora\u00e7\u00e3o: Adriano Botelho, Agostinho S\u00e1 Vieira, Aguinaldo Almeida, Alfredo da C\u00e2mara, Alice Moderno, Antero de Quental, Ant\u00f3nio Augusto Riley da Mota, Ant\u00f3nio Arruda, Aur\u00e9lio Quintanilha, Dalberto Pombo, Eduardo Calisto, Eduardo Pontes, Fernando Monteiro, Francisco Silva, Gualter Cordeiro, Guilherme Fraga, Il\u00eddio Sardoeira, Jaime Brasil, Jo\u00e3o Anglin, Jo\u00e3o Melo Abreu, Jo\u00e3o Janu\u00e1rio, Jos\u00e9 Ventura de Almeida, J\u00falio Quintino, L\u00facio Miranda, Manuel Ant\u00f3nio (padre), Manuel Cabral, Manuel Soares, Maria Ana Carreiro, Maria Evelina de Sousa, Maximiliana Sousa, Nat\u00e1lia de Almeida, Simpl\u00edcio Gago da C\u00e2mara, Te\u00f3filo de Braga, Teot\u00f3nio Moniz e Ver\u00edssimo Borges.\u201d<\/p>\n<p>ING<\/p>\n<p>&#034;History is made by all and not only by the so-called heroes who may be &#034;only men, and sometimes insignificant men who have known the art of adorning themselves with the merit of others&#034;.<br \/>\nThis publication is a tribute to people, from all social classes, believers or not, revolutionaries or conservatives, who have distinguished themselves from others, either by their work or by their way of being and acting.<br \/>\nAll those interested in getting to know their homeland better will find in this book information, some unknown, others deliberately concealed, on the following 35 Azoreans, by birth or by heart: Adriano Botelho, Agostinho S\u00e1 Vieira, Aguinaldo Almeida, Alfredo da C\u00e2mara, Alice Moderno, Antero de Quental, Ant\u00f3nio Augusto Riley da Mota, Ant\u00f3nio Arruda, Aur\u00e9lio Quintanilha, Dalberto Pombo, Eduardo Calisto, Eduardo Pontes, Fernando Monteiro, Francisco Silva, Gualter Cordeiro, Guilherme Fraga, Il\u00eddio Sardoeira, Jaime Brasil, Jo\u00e3o Anglin, Jo\u00e3o Melo Abreu, Jo\u00e3o Janu\u00e1rio, Jos\u00e9 Ventura de Almeida, J\u00falio Quintino, L\u00facio Miranda, Manuel Ant\u00f3nio (priest), Manuel Cabral, Manuel Soares, Maria Ana Carreiro, Maria Evelina de Sousa, Maximiliana Sousa, Nat\u00e1lia de Almeida, Simpl\u00edcio Gago da C\u00e2mara, Te\u00f3filo de Braga, Teot\u00f3nio Moniz and Ver\u00edssimo Borges. &#034;<\/p>\n","protected":false},"excerpt":{"rendered":"<p>\u201cA hist\u00f3ria \u00e9 feita por todos e n\u00e3o unicamente pelos chamados her\u00f3is que podem ser \u201capenas homens, e \u00e0s vezes, homens insignificantes que conheceram a arte de adornar-se com o m\u00e9rito dos demais\u201d.<br \/>\nEsta publica\u00e7\u00e3o \u00e9 uma homenagem a pessoas, de todas as classes sociais, crentes ou n\u00e3o, revolucion\u00e1rios ou conservadores, que se distinguiram dos demais, quer pela sua obra, quer pela sua maneira de ser e agir.<br \/>\nTodos os que se interessam por conhecer melhor a sua terra v\u00e3o encontrar neste livro informa\u00e7\u00f5es, algumas desconhecidas, outras propositadamente ocultadas, sobre os seguintes 35 a\u00e7orianos, por nascimento ou pelo cora\u00e7\u00e3o: Adriano Botelho, Agostinho S\u00e1 Vieira, Aguinaldo Almeida, Alfredo da C\u00e2mara, Alice Moderno, Antero de Quental, Ant\u00f3nio Augusto Riley da Mota, Ant\u00f3nio Arruda, Aur\u00e9lio Quintanilha, Dalberto Pombo, Eduardo Calisto, Eduardo Pontes, Fernando Monteiro, Francisco Silva, Gualter Cordeiro, Guilherme Fraga, Il\u00eddio Sardoeira, Jaime Brasil, Jo\u00e3o Anglin, Jo\u00e3o Melo Abreu, Jo\u00e3o Janu\u00e1rio, Jos\u00e9 Ventura de Almeida, J\u00falio Quintino, L\u00facio Miranda, Manuel Ant\u00f3nio (padre), Manuel Cabral, Manuel Soares, Maria Ana Carreiro, Maria Evelina de Sousa, Maximiliana Sousa, Nat\u00e1lia de Almeida, Simpl\u00edcio Gago da C\u00e2mara, Te\u00f3filo de Braga, Teot\u00f3nio Moniz e Ver\u00edssimo Borges.\u201d<\/p>\n<p>ING<\/p>\n<p>&#034;History is made by all and not only by the so-called heroes who may be &#034;only men, and sometimes insignificant men who have known the art of adorning themselves with the merit of others&#034;.<br \/>\nThis publication is a tribute to people, from all social classes, believers or not, revolutionaries or conservatives, who have distinguished themselves from others, either by their work or by their way of being and acting.<br \/>\nAll those interested in getting to know their homeland better will find in this book information, some unknown, others deliberately concealed, on the following 35 Azoreans, by birth or by heart: Adriano Botelho, Agostinho S\u00e1 Vieira, Aguinaldo Almeida, Alfredo da C\u00e2mara, Alice Moderno, Antero de Quental, Ant\u00f3nio Augusto Riley da Mota, Ant\u00f3nio Arruda, Aur\u00e9lio Quintanilha, Dalberto Pombo, Eduardo Calisto, Eduardo Pontes, Fernando Monteiro, Francisco Silva, Gualter Cordeiro, Guilherme Fraga, Il\u00eddio Sardoeira, Jaime Brasil, Jo\u00e3o Anglin, Jo\u00e3o Melo Abreu, Jo\u00e3o Janu\u00e1rio, Jos\u00e9 Ventura de Almeida, J\u00falio Quintino, L\u00facio Miranda, Manuel Ant\u00f3nio (priest), Manuel Cabral, Manuel Soares, Maria Ana Carreiro, Maria Evelina de Sousa, Maximiliana Sousa, Nat\u00e1lia de Almeida, Simpl\u00edcio Gago da C\u00e2mara, Te\u00f3filo de Braga, Teot\u00f3nio Moniz and Ver\u00edssimo Borges. &#034;<\/p>\n","protected":false},"featured_media":11867,"template":"","meta":[],"class_list":["post-11667","product","type-product","status-publish","has-post-thumbnail","hentry","product_cat-livros-en","product_shipping_class-livros-en"],"_links":{"self":[{"href":"https:\/\/aeazores.org\/en\/wp-json\/wp\/v2\/product\/11667","targetHints":{"allow":["GET"]}}],"collection":[{"href":"https:\/\/aeazores.org\/en\/wp-json\/wp\/v2\/product"}],"about":[{"href":"https:\/\/aeazores.org\/en\/wp-json\/wp\/v2\/types\/product"}],"version-history":[{"count":5,"href":"https:\/\/aeazores.org\/en\/wp-json\/wp\/v2\/product\/11667\/revisions"}],"predecessor-version":[{"id":15146,"href":"https:\/\/aeazores.org\/en\/wp-json\/wp\/v2\/product\/11667\/revisions\/15146"}],"wp:featuredmedia":[{"embeddable":true,"href":"https:\/\/aeazores.org\/en\/wp-json\/wp\/v2\/media\/11867"}],"wp:attachment":[{"href":"https:\/\/aeazores.org\/en\/wp-json\/wp\/v2\/media?parent=11667"}],"curies":[{"name":"wp","href":"https:\/\/api.w.org\/{rel}","templated":true}]}}