{"id":11655,"date":"2021-08-20T15:00:12","date_gmt":"2021-08-20T15:00:12","guid":{"rendered":"https:\/\/aeazores.org\/produto\/aspetos-da-vida-quotidiana-nos-acores-perspetiva-historica\/"},"modified":"2021-12-21T15:30:09","modified_gmt":"2021-12-21T15:30:09","slug":"aspetos-da-vida-quotidiana-nos-acores-perspetiva-historica","status":"publish","type":"product","link":"https:\/\/aeazores.org\/en\/produto\/aspetos-da-vida-quotidiana-nos-acores-perspetiva-historica\/","title":{"rendered":"&#034;Aspetos da Vida Quotidiana nos A\u00e7ores \u2013 Perspetiva Hist\u00f3rica&#034;, Lu\u00eds Mendon\u00e7a"},"content":{"rendered":"<p>\u201cDesde h\u00e1 largas d\u00e9cadas que a Nova Hist\u00f3ria aceitou aventurar-se em \u00e1reas de estudo at\u00e9 ent\u00e3o reservadas a disciplinas como a antropologia e a etnografia, no intuito de diversificar e enriquecer o seu campo de estudo, contribuindo decisivamente para a valoriza\u00e7\u00e3o de uma faceta fascinante da hist\u00f3ria, a da vida quotidiana.<br \/>\nO presente livro visa, precisamente, deixar algumas pinceladas acerca da vida quotidiana nos A\u00e7ores ao longo dos s\u00e9culos, real\u00e7ando n\u00e3o s\u00f3 aspetos da exist\u00eancia material, como a alimenta\u00e7\u00e3o, as habita\u00e7\u00f5es, o vestu\u00e1rio, os utens\u00edlios, ou a posse (ou n\u00e3o) de riquezas\/ propriedades, mas igualmente quest\u00f5es do foro espiritual e mental das popula\u00e7\u00f5es a\u00e7orianas, reveladoras da maneira de sentir e pensar das mesmas e da forma como foram reagindo \u00e0s diversas contrariedades do quotidiano, caso das cat\u00e1strofes naturais, da doen\u00e7a ou da proximidade da morte.\u201d<\/p>\n<p>ING<\/p>\n<p>&#034;For many decades now, New History has ventured into areas of study hitherto reserved for disciplines such as anthropology and ethnography, with the aim of diversifying and enriching its field of study, contributing decisively to the valorisation of a fascinating facet of history, that of daily life.<br \/>\nThe present book aims, precisely, to leave a few brushstrokes about daily life in the Azores over the centuries, highlighting not only aspects of material existence, such as food, housing, clothing, utensils, or the possession (or not) of wealth\/property, but also issues of the spiritual and mental nature of Azorean populations, revealing their way of feeling and thinking and the way they reacted to the various setbacks of daily life, such as natural disasters, illness or the proximity of death&#034;.<\/p>\n","protected":false},"excerpt":{"rendered":"<p>\u201cDesde h\u00e1 largas d\u00e9cadas que a Nova Hist\u00f3ria aceitou aventurar-se em \u00e1reas de estudo at\u00e9 ent\u00e3o reservadas a disciplinas como a antropologia e a etnografia, no intuito de diversificar e enriquecer o seu campo de estudo, contribuindo decisivamente para a valoriza\u00e7\u00e3o de uma faceta fascinante da hist\u00f3ria, a da vida quotidiana.<br \/>\nO presente livro visa, precisamente, deixar algumas pinceladas acerca da vida quotidiana nos A\u00e7ores ao longo dos s\u00e9culos, real\u00e7ando n\u00e3o s\u00f3 aspetos da exist\u00eancia material, como a alimenta\u00e7\u00e3o, as habita\u00e7\u00f5es, o vestu\u00e1rio, os utens\u00edlios, ou a posse (ou n\u00e3o) de riquezas\/ propriedades, mas igualmente quest\u00f5es do foro espiritual e mental das popula\u00e7\u00f5es a\u00e7orianas, reveladoras da maneira de sentir e pensar das mesmas e da forma como foram reagindo \u00e0s diversas contrariedades do quotidiano, caso das cat\u00e1strofes naturais, da doen\u00e7a ou da proximidade da morte.\u201d<\/p>\n<p>ING<\/p>\n<p>&#034;For many decades now, New History has ventured into areas of study hitherto reserved for disciplines such as anthropology and ethnography, with the aim of diversifying and enriching its field of study, contributing decisively to the valorisation of a fascinating facet of history, that of daily life.<br \/>\nThe present book aims, precisely, to leave a few brushstrokes about daily life in the Azores over the centuries, highlighting not only aspects of material existence, such as food, housing, clothing, utensils, or the possession (or not) of wealth\/property, but also issues of the spiritual and mental nature of Azorean populations, revealing their way of feeling and thinking and the way they reacted to the various setbacks of daily life, such as natural disasters, illness or the proximity of death&#034;.<\/p>\n","protected":false},"featured_media":11895,"template":"","meta":[],"class_list":["post-11655","product","type-product","status-publish","has-post-thumbnail","hentry","product_cat-livros-en","product_shipping_class-livros-en"],"_links":{"self":[{"href":"https:\/\/aeazores.org\/en\/wp-json\/wp\/v2\/product\/11655","targetHints":{"allow":["GET"]}}],"collection":[{"href":"https:\/\/aeazores.org\/en\/wp-json\/wp\/v2\/product"}],"about":[{"href":"https:\/\/aeazores.org\/en\/wp-json\/wp\/v2\/types\/product"}],"version-history":[{"count":5,"href":"https:\/\/aeazores.org\/en\/wp-json\/wp\/v2\/product\/11655\/revisions"}],"predecessor-version":[{"id":15125,"href":"https:\/\/aeazores.org\/en\/wp-json\/wp\/v2\/product\/11655\/revisions\/15125"}],"wp:featuredmedia":[{"embeddable":true,"href":"https:\/\/aeazores.org\/en\/wp-json\/wp\/v2\/media\/11895"}],"wp:attachment":[{"href":"https:\/\/aeazores.org\/en\/wp-json\/wp\/v2\/media?parent=11655"}],"curies":[{"name":"wp","href":"https:\/\/api.w.org\/{rel}","templated":true}]}}