{"id":11651,"date":"2021-08-20T14:30:11","date_gmt":"2021-08-20T14:30:11","guid":{"rendered":"https:\/\/aeazores.org\/produto\/senhor-santo-cristo-dos-milagres-de-ponta-delgada-para-o-mundo\/"},"modified":"2021-12-21T15:30:30","modified_gmt":"2021-12-21T15:30:30","slug":"senhor-santo-cristo-dos-milagres-de-ponta-delgada-para-o-mundo","status":"publish","type":"product","link":"https:\/\/aeazores.org\/en\/produto\/senhor-santo-cristo-dos-milagres-de-ponta-delgada-para-o-mundo\/","title":{"rendered":"&#034;Senhor Santo Cristo dos Milagres \u2013 De Ponta Delgada para o Mundo&#034;, de Jos\u00e9 Andrade e Jos\u00e9 Rodrigues"},"content":{"rendered":"<p>As Festas do Senhor Santo Cristo dos Milagres s\u00e3o a maior concentra\u00e7\u00e3o religiosa da Regi\u00e3o Aut\u00f3noma dos A\u00e7ores. E a segunda maior de Portugal, depois de F\u00e1tima. Consta mesmo que a sua prociss\u00e3o \u00e9 a mais extensa e densa de toda a Europa. S\u00e3o Festas do tamanho da di\u00e1spora A\u00e7oriana Espalhada pelo Mundo.<\/p>\n<p>ING<\/p>\n<p>The Festas do Senhor Santo Cristo dos Milagres is the largest religious gathering in the Autonomous Region of the Azores. And the second largest in Portugal, after F\u00e1tima. It is even said that its procession is the longest and most dense in all of Europe. These are festivals the size of the Azorean diaspora spread around the world.<\/p>\n","protected":false},"excerpt":{"rendered":"<p>As Festas do Senhor Santo Cristo dos Milagres s\u00e3o a maior concentra\u00e7\u00e3o religiosa da Regi\u00e3o Aut\u00f3noma dos A\u00e7ores. E a segunda maior de Portugal, depois de F\u00e1tima. Consta mesmo que a sua prociss\u00e3o \u00e9 a mais extensa e densa de toda a Europa. S\u00e3o Festas do tamanho da di\u00e1spora A\u00e7oriana Espalhada pelo Mundo.<\/p>\n<p>ING<\/p>\n<p>The Festas do Senhor Santo Cristo dos Milagres is the largest religious gathering in the Autonomous Region of the Azores. And the second largest in Portugal, after F\u00e1tima. It is even said that its procession is the longest and most dense in all of Europe. These are festivals the size of the Azorean diaspora spread around the world.<\/p>\n","protected":false},"featured_media":11857,"template":"","meta":[],"class_list":["post-11651","product","type-product","status-publish","has-post-thumbnail","hentry","product_cat-livros-en","product_shipping_class-livros-en"],"_links":{"self":[{"href":"https:\/\/aeazores.org\/en\/wp-json\/wp\/v2\/product\/11651","targetHints":{"allow":["GET"]}}],"collection":[{"href":"https:\/\/aeazores.org\/en\/wp-json\/wp\/v2\/product"}],"about":[{"href":"https:\/\/aeazores.org\/en\/wp-json\/wp\/v2\/types\/product"}],"version-history":[{"count":5,"href":"https:\/\/aeazores.org\/en\/wp-json\/wp\/v2\/product\/11651\/revisions"}],"predecessor-version":[{"id":15186,"href":"https:\/\/aeazores.org\/en\/wp-json\/wp\/v2\/product\/11651\/revisions\/15186"}],"wp:featuredmedia":[{"embeddable":true,"href":"https:\/\/aeazores.org\/en\/wp-json\/wp\/v2\/media\/11857"}],"wp:attachment":[{"href":"https:\/\/aeazores.org\/en\/wp-json\/wp\/v2\/media?parent=11651"}],"curies":[{"name":"wp","href":"https:\/\/api.w.org\/{rel}","templated":true}]}}