{"id":11649,"date":"2021-08-20T14:30:11","date_gmt":"2021-08-20T14:30:11","guid":{"rendered":"https:\/\/aeazores.org\/produto\/relato-da-minha-viagem-aos-acores-1812-1814\/"},"modified":"2021-12-21T15:30:29","modified_gmt":"2021-12-21T15:30:29","slug":"relato-da-minha-viagem-aos-acores-1812-1814","status":"publish","type":"product","link":"https:\/\/aeazores.org\/en\/produto\/relato-da-minha-viagem-aos-acores-1812-1814\/","title":{"rendered":"&#034;Relato da Minha Viagem aos A\u00e7ores \u2013 1812-1814&#034;, de Briant Barrett"},"content":{"rendered":"<p>\u201cEste livro \u00e9 um relato in\u00e9dito da viagem de Briant Barrett aos A\u00e7ores, nos anos de 1812 1814. Al\u00e9m de relatar as viv\u00eancias por que passou, Barrett n\u00e3o se co\u00edbe de tecer opini\u00f5es e considera\u00e7\u00f5es sobre tudo aquilo que v\u00ea, desde as paisagens, ao quotidiano das gentes a\u00e7orianas, ao clima. Um relato terno e interessante que nos permite viajar e tra\u00e7ar uma imagem dos A\u00e7ores do s\u00e9culo XIX. Este livro resulta na tradu\u00e7\u00e3o e revis\u00e3o do manuscrito de Barrett, que se encontra na Biblioteca P\u00fablica de Ponta Delgada.\u201d<\/p>\n<p>ING<\/p>\n<p>&#034;This book is an unpublished account of Briant Barrett&#039;s journey to the Azores in 1812-1814. In addition to recounting his experiences, Barrett does not shy away from giving his opinions and considerations on everything he sees, from the landscapes, to the everyday life of the Azorean people, to the climate. A tender and interesting account that allows us to travel and draw a picture of the Azores of the 19th century. This book is the result of the translation and revision of Barrett&#039;s manuscript, which can be found in the Public Library of Ponta Delgada.&#034;<\/p>\n","protected":false},"excerpt":{"rendered":"<p>\u201cEste livro \u00e9 um relato in\u00e9dito da viagem de Briant Barrett aos A\u00e7ores, nos anos de 1812 1814. Al\u00e9m de relatar as viv\u00eancias por que passou, Barrett n\u00e3o se co\u00edbe de tecer opini\u00f5es e considera\u00e7\u00f5es sobre tudo aquilo que v\u00ea, desde as paisagens, ao quotidiano das gentes a\u00e7orianas, ao clima. Um relato terno e interessante que nos permite viajar e tra\u00e7ar uma imagem dos A\u00e7ores do s\u00e9culo XIX. Este livro resulta na tradu\u00e7\u00e3o e revis\u00e3o do manuscrito de Barrett, que se encontra na Biblioteca P\u00fablica de Ponta Delgada.\u201d<\/p>\n<p>ING<\/p>\n<p>&#034;This book is an unpublished account of Briant Barrett&#039;s journey to the Azores in 1812-1814. In addition to recounting his experiences, Barrett does not shy away from giving his opinions and considerations on everything he sees, from the landscapes, to the everyday life of the Azorean people, to the climate. A tender and interesting account that allows us to travel and draw a picture of the Azores of the 19th century. This book is the result of the translation and revision of Barrett&#039;s manuscript, which can be found in the Public Library of Ponta Delgada.&#034;<\/p>\n","protected":false},"featured_media":11831,"template":"","meta":[],"class_list":["post-11649","product","type-product","status-publish","has-post-thumbnail","hentry","product_cat-livros-en","product_shipping_class-livros-en"],"_links":{"self":[{"href":"https:\/\/aeazores.org\/en\/wp-json\/wp\/v2\/product\/11649","targetHints":{"allow":["GET"]}}],"collection":[{"href":"https:\/\/aeazores.org\/en\/wp-json\/wp\/v2\/product"}],"about":[{"href":"https:\/\/aeazores.org\/en\/wp-json\/wp\/v2\/types\/product"}],"version-history":[{"count":5,"href":"https:\/\/aeazores.org\/en\/wp-json\/wp\/v2\/product\/11649\/revisions"}],"predecessor-version":[{"id":15184,"href":"https:\/\/aeazores.org\/en\/wp-json\/wp\/v2\/product\/11649\/revisions\/15184"}],"wp:featuredmedia":[{"embeddable":true,"href":"https:\/\/aeazores.org\/en\/wp-json\/wp\/v2\/media\/11831"}],"wp:attachment":[{"href":"https:\/\/aeazores.org\/en\/wp-json\/wp\/v2\/media?parent=11649"}],"curies":[{"name":"wp","href":"https:\/\/api.w.org\/{rel}","templated":true}]}}