{"id":11645,"date":"2021-08-20T14:30:09","date_gmt":"2021-08-20T14:30:09","guid":{"rendered":"https:\/\/aeazores.org\/produto\/border-crossings-leituras-transatlanticas-6\/"},"modified":"2021-12-21T15:30:12","modified_gmt":"2021-12-21T15:30:12","slug":"border-crossings-leituras-transatlanticas-6","status":"publish","type":"product","link":"https:\/\/aeazores.org\/en\/produto\/border-crossings-leituras-transatlanticas-6\/","title":{"rendered":"&#034;Border Crossings \u2013 Leituras Transatl\u00e2nticas 6&#034;, de Vamberto Freitas"},"content":{"rendered":"<p>\u201cCom este quinto painel, v\u00e1rio nos processos e nos objectos lingu\u00edsticos e geogr\u00e1ficos em estudo, Vamberto Freitas torna se, nesta d\u00e9cada, o principal cr\u00edtico liter\u00e1rio portugu\u00eas. Entretanto, sem abandono da intermedia\u00e7\u00e3o indispens\u00e1vel \u00e0 coisa liter\u00e1ria, pode oferecer nos um retrato de ser dividido entre l\u00ednguas, territ\u00f3rios e paisagens. Duplo privil\u00e9gio, ganharemos todo um passo mais na marcha da humanidade.<br \/>\nErnesto Rodrigues no lan\u00e7amento do V volume de borderCrossings: leituras transatl\u00e2nticas no Outono Vivo da Praia da Vit\u00f3ria em 2019 e publicado no A\u00e7oriano Oriental.\u201d<\/p>\n<p>ING<\/p>\n<p>&#034;With this fifth panel, diverse in processes and in the linguistic and geographic objects under study, Vamberto Freitas becomes, in this decade, the main Portuguese literary critic. However, without abandoning the indispensable intermediation of the literary thing, he can offer us a portrait of being divided between languages, territories and landscapes. Double privilege, we will all gain one more step in the march of humanity.<br \/>\nErnesto Rodrigues at the launch of the V volume of borderCrossings: transatlantic readings at the Fall Vivo in Praia da Vit\u00f3ria in 2019 and published in A\u00e7oriano Oriental&#034;.<\/p>\n","protected":false},"excerpt":{"rendered":"<p>\u201cCom este quinto painel, v\u00e1rio nos processos e nos objectos lingu\u00edsticos e geogr\u00e1ficos em estudo, Vamberto Freitas torna se, nesta d\u00e9cada, o principal cr\u00edtico liter\u00e1rio portugu\u00eas. Entretanto, sem abandono da intermedia\u00e7\u00e3o indispens\u00e1vel \u00e0 coisa liter\u00e1ria, pode oferecer nos um retrato de ser dividido entre l\u00ednguas, territ\u00f3rios e paisagens. Duplo privil\u00e9gio, ganharemos todo um passo mais na marcha da humanidade.<br \/>\nErnesto Rodrigues no lan\u00e7amento do V volume de borderCrossings: leituras transatl\u00e2nticas no Outono Vivo da Praia da Vit\u00f3ria em 2019 e publicado no A\u00e7oriano Oriental.\u201d<\/p>\n<p>ING<\/p>\n<p>&#034;With this fifth panel, diverse in processes and in the linguistic and geographic objects under study, Vamberto Freitas becomes, in this decade, the main Portuguese literary critic. However, without abandoning the indispensable intermediation of the literary thing, he can offer us a portrait of being divided between languages, territories and landscapes. Double privilege, we will all gain one more step in the march of humanity.<br \/>\nErnesto Rodrigues at the launch of the V volume of borderCrossings: transatlantic readings at the Fall Vivo in Praia da Vit\u00f3ria in 2019 and published in A\u00e7oriano Oriental&#034;.<\/p>\n","protected":false},"featured_media":11843,"template":"","meta":[],"class_list":["post-11645","product","type-product","status-publish","has-post-thumbnail","hentry","product_cat-livros-en","product_shipping_class-livros-en"],"_links":{"self":[{"href":"https:\/\/aeazores.org\/en\/wp-json\/wp\/v2\/product\/11645","targetHints":{"allow":["GET"]}}],"collection":[{"href":"https:\/\/aeazores.org\/en\/wp-json\/wp\/v2\/product"}],"about":[{"href":"https:\/\/aeazores.org\/en\/wp-json\/wp\/v2\/types\/product"}],"version-history":[{"count":5,"href":"https:\/\/aeazores.org\/en\/wp-json\/wp\/v2\/product\/11645\/revisions"}],"predecessor-version":[{"id":15172,"href":"https:\/\/aeazores.org\/en\/wp-json\/wp\/v2\/product\/11645\/revisions\/15172"}],"wp:featuredmedia":[{"embeddable":true,"href":"https:\/\/aeazores.org\/en\/wp-json\/wp\/v2\/media\/11843"}],"wp:attachment":[{"href":"https:\/\/aeazores.org\/en\/wp-json\/wp\/v2\/media?parent=11645"}],"curies":[{"name":"wp","href":"https:\/\/api.w.org\/{rel}","templated":true}]}}