{"id":11587,"date":"2021-08-19T15:30:09","date_gmt":"2021-08-19T15:30:09","guid":{"rendered":"https:\/\/aeazores.org\/produto\/acorianos-em-sao-domingos\/"},"modified":"2021-12-21T15:30:26","modified_gmt":"2021-12-21T15:30:26","slug":"acorianos-em-sao-domingos","status":"publish","type":"product","link":"https:\/\/aeazores.org\/en\/produto\/acorianos-em-sao-domingos\/","title":{"rendered":"&#034;A\u00e7orianos em S\u00e3o Domingos&#034;, de Lu\u00edz Nilton Corr\u00eaa"},"content":{"rendered":"<p>\u201cEm 1940, um grupo de micaelenses seguiu como emigrante para um pa\u00eds, pouco conhecido da Am\u00e9rica Central, chamado Rep\u00fablica Dominicana. Esse pa\u00eds que divide o territ\u00f3rio da ilha Hispaniola com a Rep\u00fablica do Haiti, na \u00e9poca, 1940, fomentava uma pol\u00edtica de desenvolvimento populacional e econ\u00f3mico focada na imigra\u00e7\u00e3o, seja atrav\u00e9s do aliciamento de imigrantes com um pacote de privil\u00e9gios aparentemente muito interessante, ou atrav\u00e9s da simples \u201cabertura de portas\u201d para os milhares de refugiados de guerra, primeiro, da Guerra Civil Espanhola, e depois para europeus fugidos da II Guerra Mundial. Para esse grupo de micaelenses, a sa\u00edda dos A\u00e7ores em dire\u00e7\u00e3o \u00e0 Rep\u00fablica Dominicana foi uma estrat\u00e9gia que levou a resultados desesperadores, sofrendo as consequ\u00eancias de uma pol\u00edtica de desenvolvimento populacional mal concebida e acabando por regressar ap\u00f3s meses de sofrimento, ainda mais pobre e doente, por\u00e9m, socorrido por uma vasta rede consular, de parentescos e de apoios das diversas comunidades a\u00e7orianas, com conex\u00f5es nas Bermudas, Estados Unidos da Am\u00e9rica e A\u00e7ores, sendo, finalmente, repatriado por conta do Governo da \u00e9poca.\u201d<\/p>\n<p>ING<\/p>\n<p>&#034;In 1940, a group of Micaelenses followed as emigrants to a country, little known in Central America, called Dominican Republic. This country that shares the territory of the island Hispaniola with the Republic of Haiti, at the time, 1940, was promoting a population and economic development policy focused on immigration, either by enticing immigrants with an apparently very interesting package of privileges, or by simply &#034;opening the doors&#034; to thousands of war refugees, first, from the Spanish Civil War, and then to Europeans fleeing World War II. For this group of Micaelenses, leaving the Azores for the Dominican Republic was a strategy that led to desperate results, suffering the consequences of an ill-conceived population development policy and eventually returning after months of suffering, even poorer and sicker, however, helped by a vast consular network, of kinships and support from the various Azorean communities, with connections in Bermuda, the United States of America and the Azores, and finally being repatriated on behalf of the government of the time.&#034;<\/p>\n","protected":false},"excerpt":{"rendered":"<p>\u201cEm 1940, um grupo de micaelenses seguiu como emigrante para um pa\u00eds, pouco conhecido da Am\u00e9rica Central, chamado Rep\u00fablica Dominicana. Esse pa\u00eds que divide o territ\u00f3rio da ilha Hispaniola com a Rep\u00fablica do Haiti, na \u00e9poca, 1940, fomentava uma pol\u00edtica de desenvolvimento populacional e econ\u00f3mico focada na imigra\u00e7\u00e3o, seja atrav\u00e9s do aliciamento de imigrantes com um pacote de privil\u00e9gios aparentemente muito interessante, ou atrav\u00e9s da simples \u201cabertura de portas\u201d para os milhares de refugiados de guerra, primeiro, da Guerra Civil Espanhola, e depois para europeus fugidos da II Guerra Mundial. Para esse grupo de micaelenses, a sa\u00edda dos A\u00e7ores em dire\u00e7\u00e3o \u00e0 Rep\u00fablica Dominicana foi uma estrat\u00e9gia que levou a resultados desesperadores, sofrendo as consequ\u00eancias de uma pol\u00edtica de desenvolvimento populacional mal concebida e acabando por regressar ap\u00f3s meses de sofrimento, ainda mais pobre e doente, por\u00e9m, socorrido por uma vasta rede consular, de parentescos e de apoios das diversas comunidades a\u00e7orianas, com conex\u00f5es nas Bermudas, Estados Unidos da Am\u00e9rica e A\u00e7ores, sendo, finalmente, repatriado por conta do Governo da \u00e9poca.\u201d<\/p>\n<p>ING<\/p>\n<p>&#034;In 1940, a group of Micaelenses followed as emigrants to a country, little known in Central America, called Dominican Republic. This country that shares the territory of the island Hispaniola with the Republic of Haiti, at the time, 1940, was promoting a population and economic development policy focused on immigration, either by enticing immigrants with an apparently very interesting package of privileges, or by simply &#034;opening the doors&#034; to thousands of war refugees, first, from the Spanish Civil War, and then to Europeans fleeing World War II. For this group of Micaelenses, leaving the Azores for the Dominican Republic was a strategy that led to desperate results, suffering the consequences of an ill-conceived population development policy and eventually returning after months of suffering, even poorer and sicker, however, helped by a vast consular network, of kinships and support from the various Azorean communities, with connections in Bermuda, the United States of America and the Azores, and finally being repatriated on behalf of the government of the time.&#034;<\/p>\n","protected":false},"featured_media":11835,"template":"","meta":[],"class_list":["post-11587","product","type-product","status-publish","has-post-thumbnail","hentry","product_cat-livros-en","product_shipping_class-livros-en"],"_links":{"self":[{"href":"https:\/\/aeazores.org\/en\/wp-json\/wp\/v2\/product\/11587","targetHints":{"allow":["GET"]}}],"collection":[{"href":"https:\/\/aeazores.org\/en\/wp-json\/wp\/v2\/product"}],"about":[{"href":"https:\/\/aeazores.org\/en\/wp-json\/wp\/v2\/types\/product"}],"version-history":[{"count":5,"href":"https:\/\/aeazores.org\/en\/wp-json\/wp\/v2\/product\/11587\/revisions"}],"predecessor-version":[{"id":15180,"href":"https:\/\/aeazores.org\/en\/wp-json\/wp\/v2\/product\/11587\/revisions\/15180"}],"wp:featuredmedia":[{"embeddable":true,"href":"https:\/\/aeazores.org\/en\/wp-json\/wp\/v2\/media\/11835"}],"wp:attachment":[{"href":"https:\/\/aeazores.org\/en\/wp-json\/wp\/v2\/media?parent=11587"}],"curies":[{"name":"wp","href":"https:\/\/api.w.org\/{rel}","templated":true}]}}