{"id":11585,"date":"2021-08-19T15:30:08","date_gmt":"2021-08-19T15:30:08","guid":{"rendered":"https:\/\/aeazores.org\/produto\/o-mosteiro-de-nossa-senhora-da-esperanca-de-ponta-delgada-de-helio-nuno-santos-soares\/"},"modified":"2021-12-21T15:30:17","modified_gmt":"2021-12-21T15:30:17","slug":"o-mosteiro-de-nossa-senhora-da-esperanca-de-ponta-delgada-de-helio-nuno-santos-soares","status":"publish","type":"product","link":"https:\/\/aeazores.org\/en\/produto\/o-mosteiro-de-nossa-senhora-da-esperanca-de-ponta-delgada-de-helio-nuno-santos-soares\/","title":{"rendered":"\u201cO Mosteiro de Nossa Senhora da Esperan\u00e7a de Ponta Delgada\u201d  de H\u00e9lio Nuno Santos Soares"},"content":{"rendered":"<p>\u201cA devo\u00e7\u00e3o ao Senhor Santo Cristo dos Milagres \u00e9 a mais agregadora, densa e transversal das devo\u00e7\u00f5es do arquip\u00e9lago dos A\u00e7ores. Agregadora, porque abra\u00e7a uma comunidade composta por crentes social, econ\u00f3mica e culturalmente distintos; densa, porque envolve sensibilidades, atos, consci\u00eancias e atitudes de complexidade profunda; transversal, porque, nas categorias do Tempo e do Espa\u00e7o, sobreviveu com dinamismo \u00e0s vicissitudes dos s\u00e9culos passados at\u00e9 \u00e0 atualidade e atraiu fi\u00e9is de geografias m\u00faltiplas, que lhe conferem a dignidade de ser uma refer\u00eancia transnacional e marco identit\u00e1rio das ilhas, sejam as a\u00e7orianas, sejam todas as outras da Di\u00e1spora. Esta imagem e a sua m\u00edstica habitam numa Casa: o Mosteiro de N\u00aa S.\u00aa da Esperan\u00e7a, na ilha de S. Miguel. Fundado no s\u00e9culo XVI, este espa\u00e7o conventual resguarda o busto relic\u00e1rio do sofrimento cristol\u00f3gico que adquire protagonismo a partir da segunda metade do s\u00e9culo XVII e que se mant\u00e9m vivaz na f\u00e9 de milhares de crentes. (\u2026)\u201d<\/p>\n<p>ING<\/p>\n<p>&#034;The devotion to Senhor Santo Cristo dos Milagres is the most aggregative, dense and transversal of the devotions of the Azores archipelago. Aggregative, because it embraces a community composed of socially, economically and culturally distinct believers; dense, because it involves sensibilities, acts, consciences and attitudes of profound complexity; transversal, because, in the categories of Time and Space, it has dynamically survived the vicissitudes of past centuries until the present day and has attracted faithful from multiple geographies, which give it the dignity of being a transnational reference and identity mark of the islands, whether Azorean or all the others of the Diaspora. This image and its mystique reside in a house: the Monastery of N\u00aa S.\u00aa da Esperan\u00e7a, on the island of S. Miguel. Founded in the 16th century, this conventual space shelters the reliquary bust of Christological suffering that acquires prominence from the second half of the 17th century and remains alive in the faith of thousands of believers. (&#8230;)&#034;<\/p>\n","protected":false},"excerpt":{"rendered":"<p>\u201cA devo\u00e7\u00e3o ao Senhor Santo Cristo dos Milagres \u00e9 a mais agregadora, densa e transversal das devo\u00e7\u00f5es do arquip\u00e9lago dos A\u00e7ores. Agregadora, porque abra\u00e7a uma comunidade composta por crentes social, econ\u00f3mica e culturalmente distintos; densa, porque envolve sensibilidades, atos, consci\u00eancias e atitudes de complexidade profunda; transversal, porque, nas categorias do Tempo e do Espa\u00e7o, sobreviveu com dinamismo \u00e0s vicissitudes dos s\u00e9culos passados at\u00e9 \u00e0 atualidade e atraiu fi\u00e9is de geografias m\u00faltiplas, que lhe conferem a dignidade de ser uma refer\u00eancia transnacional e marco identit\u00e1rio das ilhas, sejam as a\u00e7orianas, sejam todas as outras da Di\u00e1spora. Esta imagem e a sua m\u00edstica habitam numa Casa: o Mosteiro de N\u00aa S.\u00aa da Esperan\u00e7a, na ilha de S. Miguel. Fundado no s\u00e9culo XVI, este espa\u00e7o conventual resguarda o busto relic\u00e1rio do sofrimento cristol\u00f3gico que adquire protagonismo a partir da segunda metade do s\u00e9culo XVII e que se mant\u00e9m vivaz na f\u00e9 de milhares de crentes. (\u2026)\u201d<\/p>\n<p>ING<\/p>\n<p>&#034;The devotion to Senhor Santo Cristo dos Milagres is the most aggregative, dense and transversal of the devotions of the Azores archipelago. Aggregative, because it embraces a community composed of socially, economically and culturally distinct believers; dense, because it involves sensibilities, acts, consciences and attitudes of profound complexity; transversal, because, in the categories of Time and Space, it has dynamically survived the vicissitudes of past centuries until the present day and has attracted faithful from multiple geographies, which give it the dignity of being a transnational reference and identity mark of the islands, whether Azorean or all the others of the Diaspora. This image and its mystique reside in a house: the Monastery of N\u00aa S.\u00aa da Esperan\u00e7a, on the island of S. Miguel. Founded in the 16th century, this conventual space shelters the reliquary bust of Christological suffering that acquires prominence from the second half of the 17th century and remains alive in the faith of thousands of believers. (&#8230;)&#034;<\/p>\n","protected":false},"featured_media":11698,"template":"","meta":[],"class_list":["post-11585","product","type-product","status-publish","has-post-thumbnail","hentry","product_cat-livros-en","product_shipping_class-livros-en"],"_links":{"self":[{"href":"https:\/\/aeazores.org\/en\/wp-json\/wp\/v2\/product\/11585","targetHints":{"allow":["GET"]}}],"collection":[{"href":"https:\/\/aeazores.org\/en\/wp-json\/wp\/v2\/product"}],"about":[{"href":"https:\/\/aeazores.org\/en\/wp-json\/wp\/v2\/types\/product"}],"version-history":[{"count":2,"href":"https:\/\/aeazores.org\/en\/wp-json\/wp\/v2\/product\/11585\/revisions"}],"predecessor-version":[{"id":15174,"href":"https:\/\/aeazores.org\/en\/wp-json\/wp\/v2\/product\/11585\/revisions\/15174"}],"wp:featuredmedia":[{"embeddable":true,"href":"https:\/\/aeazores.org\/en\/wp-json\/wp\/v2\/media\/11698"}],"wp:attachment":[{"href":"https:\/\/aeazores.org\/en\/wp-json\/wp\/v2\/media?parent=11585"}],"curies":[{"name":"wp","href":"https:\/\/api.w.org\/{rel}","templated":true}]}}