{"id":10558,"date":"2021-07-29T14:00:11","date_gmt":"2021-07-29T14:00:11","guid":{"rendered":"https:\/\/aeazores.org\/produto\/acores-uma-caca-ao-sonho-americano\/"},"modified":"2021-12-21T15:30:12","modified_gmt":"2021-12-21T15:30:12","slug":"acores-uma-caca-ao-sonho-americano","status":"publish","type":"product","link":"https:\/\/aeazores.org\/en\/produto\/acores-uma-caca-ao-sonho-americano\/","title":{"rendered":"&#034;A\u00e7ores, uma ca\u00e7a ao sonho Americano&#034;,  Patr\u00edcia Carreiro e Romeu Cruz"},"content":{"rendered":"<p>Fic\u00e7\u00e3o infanto-juvenil em portugu\u00eas e ingl\u00eas sobre os primeiros a\u00e7orianos a chegar a territ\u00f3rio americano. Livro escrito por Patr\u00edcia Carreira e traduzido por Cristina Oliveira, com ilustra\u00e7\u00e3o de Romeu Cruz. Coordena\u00e7\u00e3o AEAzores<\/p>\n<p>ING<\/p>\n<p>Children&#039;s fiction in Portuguese and English about the first Azoreans to arrive in the Americas. Book written by Patr\u00edcia Carreira and translated by Cristina Oliveira, with illustration by Romeu Cruz. AEAzores Coordination<\/p>\n","protected":false},"excerpt":{"rendered":"<p>Fic\u00e7\u00e3o infanto-juvenil em portugu\u00eas e ingl\u00eas sobre os primeiros a\u00e7orianos a chegar a territ\u00f3rio americano. Livro escrito por Patr\u00edcia Carreira e traduzido por Cristina Oliveira, com ilustra\u00e7\u00e3o de Romeu Cruz. Coordena\u00e7\u00e3o AEAzores<\/p>\n<p>ING<\/p>\n<p>Children&#039;s fiction in Portuguese and English about the first Azoreans to arrive in the Americas. Book written by Patr\u00edcia Carreira and translated by Cristina Oliveira, with illustration by Romeu Cruz. AEAzores Coordination<\/p>\n","protected":false},"featured_media":10562,"template":"","meta":[],"class_list":["post-10558","product","type-product","status-publish","has-post-thumbnail","hentry","product_cat-livros-en","product_shipping_class-livros-en"],"_links":{"self":[{"href":"https:\/\/aeazores.org\/en\/wp-json\/wp\/v2\/product\/10558","targetHints":{"allow":["GET"]}}],"collection":[{"href":"https:\/\/aeazores.org\/en\/wp-json\/wp\/v2\/product"}],"about":[{"href":"https:\/\/aeazores.org\/en\/wp-json\/wp\/v2\/types\/product"}],"version-history":[{"count":6,"href":"https:\/\/aeazores.org\/en\/wp-json\/wp\/v2\/product\/10558\/revisions"}],"predecessor-version":[{"id":15170,"href":"https:\/\/aeazores.org\/en\/wp-json\/wp\/v2\/product\/10558\/revisions\/15170"}],"wp:featuredmedia":[{"embeddable":true,"href":"https:\/\/aeazores.org\/en\/wp-json\/wp\/v2\/media\/10562"}],"wp:attachment":[{"href":"https:\/\/aeazores.org\/en\/wp-json\/wp\/v2\/media?parent=10558"}],"curies":[{"name":"wp","href":"https:\/\/api.w.org\/{rel}","templated":true}]}}