{"id":10502,"date":"2021-07-29T10:19:48","date_gmt":"2021-07-29T10:25:10","guid":{"rendered":"https:\/\/aeazores.org\/?post_type=product&#038;p=10502"},"modified":"2021-12-21T15:30:25","modified_gmt":"2021-12-21T15:30:25","slug":"da-insularidade-a-universalidade-volume-1-2","status":"publish","type":"product","link":"https:\/\/aeazores.org\/en\/produto\/da-insularidade-a-universalidade-volume-1-2\/","title":{"rendered":"&#034;Da Insularidade \u00e0 Universalidade \u2013 Volume 1 &amp; 2&#034;, de Avelino de Freitas de Meneses"},"content":{"rendered":"<p>\u00ab\u00c0 laia de registo, pelo menos de apontamento, este livro re\u00fane uma parte das interven\u00e7\u00f5es p\u00fablicas, por n\u00f3s proferidas entre 2003 e 2011, no exerc\u00edcio da fun\u00e7\u00e3o de Reitor da Universidade dos A\u00e7ores. Quer isto dizer que, nesta iniciativa, impera mais a natureza do historiador, sempre desperto para a recolha de todos os testemunhos de outrora, mesmo que destinada \u00e0 realiza\u00e7\u00e3o da s\u00edntese, do que o car\u00e1ter do juiz.<br \/>\nEm vez de uns anais, que procedem \u00e0 anota\u00e7\u00e3o de todas as incid\u00eancias do quotidiano institucional, opt\u00e1mos pela jun\u00e7\u00e3o de elementos \u00fateis para a hist\u00f3ria da Universidade dos A\u00e7ores. Com efeito, durante os oito anos dos dois mandatos reitorais, enumer\u00e1mos perto de 600 interven\u00e7\u00f5es p\u00fablicas\u00bb.<\/p>\n<p>ING<\/p>\n<p>&#034;By way of record, at least as a note, this book brings together some of the public speeches we gave between 2003 and 2011, during our time as Rector of the University of the Azores. This means that, in this initiative, the nature of the historian prevails, always alert to the collection of all the testimonies of yesteryear, even if aimed at the achievement of the synthesis, rather than the character of the judge.<br \/>\nInstead of annals that record all the incidences of institutional daily life, we have opted for the gathering of useful elements for the history of the University of the Azores. In fact, during the eight years of the two rectorial mandates, we listed nearly 600 public interventions&#034;.<\/p>\n","protected":false},"excerpt":{"rendered":"<p>\u00ab\u00c0 laia de registo, pelo menos de apontamento, este livro re\u00fane uma parte das interven\u00e7\u00f5es p\u00fablicas, por n\u00f3s proferidas entre 2003 e 2011, no exerc\u00edcio da fun\u00e7\u00e3o de Reitor da Universidade dos A\u00e7ores. Quer isto dizer que, nesta iniciativa, impera mais a natureza do historiador, sempre desperto para a recolha de todos os testemunhos de outrora, mesmo que destinada \u00e0 realiza\u00e7\u00e3o da s\u00edntese, do que o car\u00e1ter do juiz.<br \/>\nEm vez de uns anais, que procedem \u00e0 anota\u00e7\u00e3o de todas as incid\u00eancias do quotidiano institucional, opt\u00e1mos pela jun\u00e7\u00e3o de elementos \u00fateis para a hist\u00f3ria da Universidade dos A\u00e7ores. Com efeito, durante os oito anos dos dois mandatos reitorais, enumer\u00e1mos perto de 600 interven\u00e7\u00f5es p\u00fablicas\u00bb.<\/p>\n<p>ING<\/p>\n<p>&#034;By way of record, at least as a note, this book brings together some of the public speeches we gave between 2003 and 2011, during our time as Rector of the University of the Azores. This means that, in this initiative, the nature of the historian prevails, always alert to the collection of all the testimonies of yesteryear, even if aimed at the achievement of the synthesis, rather than the character of the judge.<br \/>\nInstead of annals that record all the incidences of institutional daily life, we have opted for the gathering of useful elements for the history of the University of the Azores. In fact, during the eight years of the two rectorial mandates, we listed nearly 600 public interventions&#034;.<\/p>\n","protected":false},"featured_media":10499,"template":"","meta":[],"class_list":["post-10502","product","type-product","status-publish","has-post-thumbnail","hentry","product_cat-livros-en","product_shipping_class-livros-en"],"_links":{"self":[{"href":"https:\/\/aeazores.org\/en\/wp-json\/wp\/v2\/product\/10502","targetHints":{"allow":["GET"]}}],"collection":[{"href":"https:\/\/aeazores.org\/en\/wp-json\/wp\/v2\/product"}],"about":[{"href":"https:\/\/aeazores.org\/en\/wp-json\/wp\/v2\/types\/product"}],"version-history":[{"count":11,"href":"https:\/\/aeazores.org\/en\/wp-json\/wp\/v2\/product\/10502\/revisions"}],"predecessor-version":[{"id":15178,"href":"https:\/\/aeazores.org\/en\/wp-json\/wp\/v2\/product\/10502\/revisions\/15178"}],"wp:featuredmedia":[{"embeddable":true,"href":"https:\/\/aeazores.org\/en\/wp-json\/wp\/v2\/media\/10499"}],"wp:attachment":[{"href":"https:\/\/aeazores.org\/en\/wp-json\/wp\/v2\/media?parent=10502"}],"curies":[{"name":"wp","href":"https:\/\/api.w.org\/{rel}","templated":true}]}}